{"id":31049,"date":"2021-07-12T13:49:40","date_gmt":"2021-07-12T11:49:40","guid":{"rendered":"https:\/\/dynatimesa.ch\/?page_id=31049"},"modified":"2024-03-18T14:12:46","modified_gmt":"2024-03-18T13:12:46","slug":"dynatime","status":"publish","type":"page","link":"https:\/\/staging.dynatime.ch\/de\/dynatime\/","title":{"rendered":"Dynatime"},"content":{"rendered":"<div data-elementor-type=\"wp-page\" data-elementor-id=\"31049\" class=\"elementor elementor-31049\" data-elementor-post-type=\"page\">\n\t\t\t\t<div class=\"elementor-element elementor-element-82f5bc2 e-flex e-con-boxed e-con e-parent\" data-id=\"82f5bc2\" data-element_type=\"container\">\n\t\t\t\t\t<div class=\"e-con-inner\">\n\t\t\t\t<div class=\"elementor-element elementor-element-9b8dc13 sqaure_add square_blue elementor-widget elementor-widget-heading\" data-id=\"9b8dc13\" data-element_type=\"widget\" data-widget_type=\"heading.default\">\n\t\t\t\t<div class=\"elementor-widget-container\">\n\t\t\t\t\t<h2 class=\"elementor-heading-title elementor-size-default\">DYNATIME SA<\/h2>\t\t\t\t<\/div>\n\t\t\t\t<\/div>\n\t\t\t\t\t<\/div>\n\t\t\t\t<\/div>\n\t\t<div class=\"elementor-element elementor-element-266ca47 e-flex e-con-boxed e-con e-parent\" data-id=\"266ca47\" data-element_type=\"container\">\n\t\t\t\t\t<div class=\"e-con-inner\">\n\t\t\t\t<div class=\"elementor-element elementor-element-da4257d elementor-widget elementor-widget-heading\" data-id=\"da4257d\" data-element_type=\"widget\" data-widget_type=\"heading.default\">\n\t\t\t\t<div class=\"elementor-widget-container\">\n\t\t\t\t\t<h2 class=\"elementor-heading-title elementor-size-default\">Ein Unternehmen in der N\u00e4he<\/h2>\t\t\t\t<\/div>\n\t\t\t\t<\/div>\n\t\t\t\t<div class=\"elementor-element elementor-element-3798440 elementor-widget elementor-widget-text-editor\" data-id=\"3798440\" data-element_type=\"widget\" data-widget_type=\"text-editor.default\">\n\t\t\t\t<div class=\"elementor-widget-container\">\n\t\t\t\t\t\t\t\t\t<p>DYNATIME SA, ein Schweizer Unternehmen mit Sitz in Marin-Epagnier, ist seit \u00fcber 30 Jahren im Bereich der Industrieelektronik t\u00e4tig.<\/p>\t\t\t\t\t\t\t\t<\/div>\n\t\t\t\t<\/div>\n\t\t\t\t\t<\/div>\n\t\t\t\t<\/div>\n\t\t<div class=\"elementor-element elementor-element-8715a03 e-flex e-con-boxed e-con e-parent\" data-id=\"8715a03\" data-element_type=\"container\">\n\t\t\t\t\t<div class=\"e-con-inner\">\n\t\t<div class=\"elementor-element elementor-element-253b12b e-con-full e-flex e-con e-child\" data-id=\"253b12b\" data-element_type=\"container\">\n\t\t\t\t<div class=\"elementor-element elementor-element-a765300 elementor-widget elementor-widget-heading\" data-id=\"a765300\" data-element_type=\"widget\" data-widget_type=\"heading.default\">\n\t\t\t\t<div class=\"elementor-widget-container\">\n\t\t\t\t\t<h2 class=\"elementor-heading-title elementor-size-default\">N\u00e4he und Reaktionsf\u00e4higkeit<\/h2>\t\t\t\t<\/div>\n\t\t\t\t<\/div>\n\t\t\t\t<div class=\"elementor-element elementor-element-088929d elementor-widget elementor-widget-text-editor\" data-id=\"088929d\" data-element_type=\"widget\" data-widget_type=\"text-editor.default\">\n\t\t\t\t<div class=\"elementor-widget-container\">\n\t\t\t\t\t\t\t\t\t<p>Unser Team stellt sein Wissen und sein Engagement in den Dienst seiner Kunden. Sie erhalten eine schnelle Antwort auf Ihre Fragen und wir kommen gerne zu Ihnen, sei es, um Ihnen unsere Produkte vorzustellen, ein Problem zu l\u00f6sen oder ein Projekt zu besprechen.<\/p><p>Wir begleiten und beraten Sie w\u00e4hrend des Auswahl- und Kaufprozesses: Es ist uns wichtig, dass unsere Kunden mit ihren Anschaffungen rundum zufrieden sind.<\/p>\t\t\t\t\t\t\t\t<\/div>\n\t\t\t\t<\/div>\n\t\t\t\t<\/div>\n\t\t<div class=\"elementor-element elementor-element-def9587 e-con-full e-flex e-con e-child\" data-id=\"def9587\" data-element_type=\"container\">\n\t\t\t\t<div class=\"elementor-element elementor-element-5b5288d elementor-widget elementor-widget-image\" data-id=\"5b5288d\" data-element_type=\"widget\" data-widget_type=\"image.default\">\n\t\t\t\t<div class=\"elementor-widget-container\">\n\t\t\t\t\t\t\t\t\t\t\t\t\t\t\t<img fetchpriority=\"high\" decoding=\"async\" width=\"800\" height=\"530\" src=\"https:\/\/staging.dynatime.ch\/wp-content\/uploads\/2022\/04\/service-g2a695c90e_1920-1024x678.jpg\" class=\"attachment-large size-large wp-image-31405\" alt=\"\" srcset=\"https:\/\/staging.dynatime.ch\/wp-content\/uploads\/2022\/04\/service-g2a695c90e_1920-1024x678.jpg 1024w, https:\/\/staging.dynatime.ch\/wp-content\/uploads\/2022\/04\/service-g2a695c90e_1920-600x397.jpg 600w, https:\/\/staging.dynatime.ch\/wp-content\/uploads\/2022\/04\/service-g2a695c90e_1920-300x199.jpg 300w, https:\/\/staging.dynatime.ch\/wp-content\/uploads\/2022\/04\/service-g2a695c90e_1920-768x508.jpg 768w, https:\/\/staging.dynatime.ch\/wp-content\/uploads\/2022\/04\/service-g2a695c90e_1920-1536x1017.jpg 1536w, https:\/\/staging.dynatime.ch\/wp-content\/uploads\/2022\/04\/service-g2a695c90e_1920.jpg 1920w\" sizes=\"(max-width: 800px) 100vw, 800px\" \/>\t\t\t\t\t\t\t\t\t\t\t\t\t\t\t<\/div>\n\t\t\t\t<\/div>\n\t\t\t\t<\/div>\n\t\t\t\t\t<\/div>\n\t\t\t\t<\/div>\n\t\t<div class=\"elementor-element elementor-element-a7315b3 e-flex e-con-boxed e-con e-parent\" data-id=\"a7315b3\" data-element_type=\"container\">\n\t\t\t\t\t<div class=\"e-con-inner\">\n\t\t<div class=\"elementor-element elementor-element-1312ded e-flex e-con-boxed e-con e-child\" data-id=\"1312ded\" data-element_type=\"container\" data-settings=\"{&quot;background_background&quot;:&quot;classic&quot;}\">\n\t\t\t\t\t<div class=\"e-con-inner\">\n\t\t\t\t<div class=\"elementor-element elementor-element-b58c106 elementor-widget elementor-widget-heading\" data-id=\"b58c106\" data-element_type=\"widget\" data-widget_type=\"heading.default\">\n\t\t\t\t<div class=\"elementor-widget-container\">\n\t\t\t\t\t<h2 class=\"elementor-heading-title elementor-size-default\">Premium-Kundendienst<\/h2>\t\t\t\t<\/div>\n\t\t\t\t<\/div>\n\t\t\t\t<div class=\"elementor-element elementor-element-861b2cd elementor-widget__width-initial elementor-widget elementor-widget-text-editor\" data-id=\"861b2cd\" data-element_type=\"widget\" data-widget_type=\"text-editor.default\">\n\t\t\t\t<div class=\"elementor-widget-container\">\n\t\t\t\t\t\t\t\t\t<p>Unsere Priorit\u00e4t ist es, unseren Kunden einen reaktionsschnellen und erstklassigen Service zu bieten.<\/p><p>Bei Fragen oder Problemen bieten wir ein offenes Ohr, um Ihnen zu helfen, die beste L\u00f6sung zu finden. Wir sind f\u00fcr Sie da.<\/p>\t\t\t\t\t\t\t\t<\/div>\n\t\t\t\t<\/div>\n\t\t\t\t<div class=\"elementor-element elementor-element-158a12e elementor-widget elementor-widget-button\" data-id=\"158a12e\" data-element_type=\"widget\" data-widget_type=\"button.default\">\n\t\t\t\t<div class=\"elementor-widget-container\">\n\t\t\t\t\t\t\t\t\t<div class=\"elementor-button-wrapper\">\n\t\t\t\t\t<a class=\"elementor-button elementor-button-link elementor-size-sm\" href=\"#pied-page\">\n\t\t\t\t\t\t<span class=\"elementor-button-content-wrapper\">\n\t\t\t\t\t\t\t\t\t<span class=\"elementor-button-text\">Kontaktieren Sie uns<\/span>\n\t\t\t\t\t<\/span>\n\t\t\t\t\t<\/a>\n\t\t\t\t<\/div>\n\t\t\t\t\t\t\t\t<\/div>\n\t\t\t\t<\/div>\n\t\t\t\t\t<\/div>\n\t\t\t\t<\/div>\n\t\t\t\t\t<\/div>\n\t\t\t\t<\/div>\n\t\t<div class=\"elementor-element elementor-element-fa7d1f4 e-flex e-con-boxed e-con e-parent\" data-id=\"fa7d1f4\" data-element_type=\"container\">\n\t\t\t\t\t<div class=\"e-con-inner\">\n\t\t<div class=\"elementor-element elementor-element-388f029 e-con-full e-flex e-con e-child\" data-id=\"388f029\" data-element_type=\"container\">\n\t\t\t\t<div class=\"elementor-element elementor-element-edbcb68 elementor-widget elementor-widget-image\" data-id=\"edbcb68\" data-element_type=\"widget\" data-widget_type=\"image.default\">\n\t\t\t\t<div class=\"elementor-widget-container\">\n\t\t\t\t\t\t\t\t\t\t\t\t\t\t\t<img decoding=\"async\" width=\"800\" height=\"449\" src=\"https:\/\/staging.dynatime.ch\/wp-content\/uploads\/2022\/04\/solve-gae01c9690_1920-1024x575.jpg\" class=\"attachment-large size-large wp-image-31410\" alt=\"\" srcset=\"https:\/\/staging.dynatime.ch\/wp-content\/uploads\/2022\/04\/solve-gae01c9690_1920-1024x575.jpg 1024w, https:\/\/staging.dynatime.ch\/wp-content\/uploads\/2022\/04\/solve-gae01c9690_1920-600x337.jpg 600w, https:\/\/staging.dynatime.ch\/wp-content\/uploads\/2022\/04\/solve-gae01c9690_1920-300x169.jpg 300w, https:\/\/staging.dynatime.ch\/wp-content\/uploads\/2022\/04\/solve-gae01c9690_1920-768x432.jpg 768w, https:\/\/staging.dynatime.ch\/wp-content\/uploads\/2022\/04\/solve-gae01c9690_1920-1536x863.jpg 1536w, https:\/\/staging.dynatime.ch\/wp-content\/uploads\/2022\/04\/solve-gae01c9690_1920.jpg 1920w\" sizes=\"(max-width: 800px) 100vw, 800px\" \/>\t\t\t\t\t\t\t\t\t\t\t\t\t\t\t<\/div>\n\t\t\t\t<\/div>\n\t\t\t\t<\/div>\n\t\t<div class=\"elementor-element elementor-element-bf13454 e-con-full e-flex e-con e-child\" data-id=\"bf13454\" data-element_type=\"container\">\n\t\t\t\t<div class=\"elementor-element elementor-element-3a8d5af elementor-widget elementor-widget-heading\" data-id=\"3a8d5af\" data-element_type=\"widget\" data-widget_type=\"heading.default\">\n\t\t\t\t<div class=\"elementor-widget-container\">\n\t\t\t\t\t<h2 class=\"elementor-heading-title elementor-size-default\">Sorgf\u00e4ltig ausgew\u00e4hlte Partner<\/h2>\t\t\t\t<\/div>\n\t\t\t\t<\/div>\n\t\t\t\t<div class=\"elementor-element elementor-element-7d45860 elementor-widget elementor-widget-text-editor\" data-id=\"7d45860\" data-element_type=\"widget\" data-widget_type=\"text-editor.default\">\n\t\t\t\t<div class=\"elementor-widget-container\">\n\t\t\t\t\t\t\t\t\t<p>Um Produkte von h\u00f6chster Qualit\u00e4t anbieten zu k\u00f6nnen, w\u00e4hlen wir unsere Lieferanten mit gr\u00f6\u00dfter Sorgfalt aus. So stehen wir in engem Kontakt mit ihnen, halten uns \u00fcber Neuheiten auf dem Laufenden und k\u00f6nnen Ihnen dadurch eine breite Palette an Produkten anbieten, die dem aktuellen Markt angepasst sind.<\/p><p>Alle unsere Lieferanten genie\u00dfen einen guten Ruf im Bereich der Automatisierung und Industrieelektronik: Ihre Namen sind international bekannt und die Qualit\u00e4t ihrer Produkte bew\u00e4hrt und anerkannt. F\u00fcr viele sind wir ihr wichtigster Schweizer Vertriebspartner. Sie vertrauen uns also!<\/p>\t\t\t\t\t\t\t\t<\/div>\n\t\t\t\t<\/div>\n\t\t\t\t<div class=\"elementor-element elementor-element-f1fa34d elementor-widget elementor-widget-button\" data-id=\"f1fa34d\" data-element_type=\"widget\" data-widget_type=\"button.default\">\n\t\t\t\t<div class=\"elementor-widget-container\">\n\t\t\t\t\t\t\t\t\t<div class=\"elementor-button-wrapper\">\n\t\t\t\t\t<a class=\"elementor-button elementor-button-link elementor-size-sm\" href=\"https:\/\/staging.dynatime.ch\/de\/partenaires\/\">\n\t\t\t\t\t\t<span class=\"elementor-button-content-wrapper\">\n\t\t\t\t\t\t\t\t\t<span class=\"elementor-button-text\">Partner ansehen<\/span>\n\t\t\t\t\t<\/span>\n\t\t\t\t\t<\/a>\n\t\t\t\t<\/div>\n\t\t\t\t\t\t\t\t<\/div>\n\t\t\t\t<\/div>\n\t\t\t\t<\/div>\n\t\t\t\t\t<\/div>\n\t\t\t\t<\/div>\n\t\t\t\t<\/div>","protected":false},"excerpt":{"rendered":"<p>DYNATIME SA Une entreprise de proximit\u00e9 DYNATIME SA, entreprise Suisse bas\u00e9e \u00e0 Marin-Epagnier est active depuis plus de 30 ans dans l\u2019\u00e9lectronique industrielle. La proximit\u00e9 et la r\u00e9activit\u00e9 Notre \u00e9quipe met ses connaissances et son engagement au service de ses clients. Vous aurez une r\u00e9ponse rapide \u00e0 vos questions et nous nous d\u00e9placerons volontiers, que [&hellip;]<\/p>","protected":false},"author":3,"featured_media":0,"parent":0,"menu_order":0,"comment_status":"closed","ping_status":"closed","template":"elementor_header_footer","meta":{"_acf_changed":false,"footnotes":""},"acf":[],"_links":{"self":[{"href":"https:\/\/staging.dynatime.ch\/de\/wp-json\/wp\/v2\/pages\/31049"}],"collection":[{"href":"https:\/\/staging.dynatime.ch\/de\/wp-json\/wp\/v2\/pages"}],"about":[{"href":"https:\/\/staging.dynatime.ch\/de\/wp-json\/wp\/v2\/types\/page"}],"author":[{"embeddable":true,"href":"https:\/\/staging.dynatime.ch\/de\/wp-json\/wp\/v2\/users\/3"}],"replies":[{"embeddable":true,"href":"https:\/\/staging.dynatime.ch\/de\/wp-json\/wp\/v2\/comments?post=31049"}],"version-history":[{"count":0,"href":"https:\/\/staging.dynatime.ch\/de\/wp-json\/wp\/v2\/pages\/31049\/revisions"}],"wp:attachment":[{"href":"https:\/\/staging.dynatime.ch\/de\/wp-json\/wp\/v2\/media?parent=31049"}],"curies":[{"name":"wp","href":"https:\/\/api.w.org\/{rel}","templated":true}]}}