{"id":31936,"date":"2024-02-01T14:02:20","date_gmt":"2024-02-01T13:02:20","guid":{"rendered":"https:\/\/staging.dynatime.ch\/?post_type=product&#038;p=31936"},"modified":"2024-02-01T14:05:35","modified_gmt":"2024-02-01T13:05:35","slug":"atr244-48-x-48mm","status":"publish","type":"product","link":"https:\/\/staging.dynatime.ch\/de\/product\/atr244-48-x-48mm\/","title":{"rendered":"ATR244 - 48 x 48mm"},"content":{"rendered":"<p>Die Prozesssteuerung ATR244 setzt neue Ma\u00dfst\u00e4be f\u00fcr die Pixsys ATR-Serie von Steuerungen. Er zeichnet sich durch sein helles Display aus, das neben einer neuen Scrolling Help-Funktion eine optimale Sichtbarkeit und ein erh\u00f6htes Informationsniveau f\u00fcr den Bediener gew\u00e4hrleistet. ATR244 basiert auf Pixsys Flaggschiff-Programmiermodus durch NFC\/RFID-Technologie mit dedizierter MyPixsys App f\u00fcr Android-Ger\u00e4te (dieselbe App, die bereits f\u00fcr Pixsys Signalkonverter und STR-Indikatoren verwendet wird).<\/p>","protected":false},"excerpt":{"rendered":"<p>PID-Controller 48 x 48mm <br \/>\nProgrammierbar \u00fcber NFC\/RFID, RS348\/Modbus <br \/>\nsingle\/dual analog input, analog output, multi-voltage power supply <\/p>","protected":false},"featured_media":29443,"comment_status":"closed","ping_status":"closed","template":"","meta":{"_acf_changed":false},"product_cat":[105,110],"product_tag":[],"acf":[],"_links":{"self":[{"href":"https:\/\/staging.dynatime.ch\/de\/wp-json\/wp\/v2\/product\/31936"}],"collection":[{"href":"https:\/\/staging.dynatime.ch\/de\/wp-json\/wp\/v2\/product"}],"about":[{"href":"https:\/\/staging.dynatime.ch\/de\/wp-json\/wp\/v2\/types\/product"}],"replies":[{"embeddable":true,"href":"https:\/\/staging.dynatime.ch\/de\/wp-json\/wp\/v2\/comments?post=31936"}],"version-history":[{"count":0,"href":"https:\/\/staging.dynatime.ch\/de\/wp-json\/wp\/v2\/product\/31936\/revisions"}],"wp:featuredmedia":[{"embeddable":true,"href":"https:\/\/staging.dynatime.ch\/de\/wp-json\/wp\/v2\/media\/29443"}],"wp:attachment":[{"href":"https:\/\/staging.dynatime.ch\/de\/wp-json\/wp\/v2\/media?parent=31936"}],"wp:term":[{"taxonomy":"product_cat","embeddable":true,"href":"https:\/\/staging.dynatime.ch\/de\/wp-json\/wp\/v2\/product_cat?post=31936"},{"taxonomy":"product_tag","embeddable":true,"href":"https:\/\/staging.dynatime.ch\/de\/wp-json\/wp\/v2\/product_tag?post=31936"}],"curies":[{"name":"wp","href":"https:\/\/api.w.org\/{rel}","templated":true}]}}