{"id":31947,"date":"2024-02-01T14:10:46","date_gmt":"2024-02-01T13:10:46","guid":{"rendered":"https:\/\/staging.dynatime.ch\/?post_type=product&#038;p=31947"},"modified":"2024-02-01T14:14:07","modified_gmt":"2024-02-01T13:14:07","slug":"drr244-montage-rail-din","status":"publish","type":"product","link":"https:\/\/staging.dynatime.ch\/de\/product\/drr244-montage-rail-din\/","title":{"rendered":"DRR244 - Din-Schienen-Montage"},"content":{"rendered":"<p>Der PID-Regler DRR244 sticht im Segment der Hutschienenregler durch seine Flexibilit\u00e4t und Konfigurierbarkeit hervor, die in einem einzigen Bestellcode zusammengefasst sind. Der Analogeingang kann f\u00fcr eine breite Palette von Temperatursensoren (Widerstandsthermometer und Thermoelemente) sowie f\u00fcr mA\/Volt-Prozesssignale (typischerweise Drucktransmitter, Luftfeuchtigkeits- und Str\u00f6mungssensoren) programmiert werden. Die Ausg\u00e4nge k\u00f6nnen als Befehls-\/Mehrfachalarm-\/Analog-Wiederholungsmodus gew\u00e4hlt werden. Die serielle Kommunikation erfolgt \u00fcber RS485 mit Modbus RTU\/Slave-Protokoll. Der Controller ist mit einer Weitbereichs-Stromversorgung 24 bis 230 V AC\/DC mit galvanischer Trennung vom Netz ausgestattet.<\/p>","protected":false},"excerpt":{"rendered":"<p>PID-Controller DIN-Schienen-Montage<br \/>\nProgrammierbarer Eingang, isolierter Analogausgang, Multi-Voltage-Stromversorgung,<br \/>\ncurrent transformer input, digital input, serial communication<\/p>","protected":false},"featured_media":30986,"comment_status":"closed","ping_status":"closed","template":"","meta":{"_acf_changed":false},"product_cat":[105,110],"product_tag":[],"acf":[],"_links":{"self":[{"href":"https:\/\/staging.dynatime.ch\/de\/wp-json\/wp\/v2\/product\/31947"}],"collection":[{"href":"https:\/\/staging.dynatime.ch\/de\/wp-json\/wp\/v2\/product"}],"about":[{"href":"https:\/\/staging.dynatime.ch\/de\/wp-json\/wp\/v2\/types\/product"}],"replies":[{"embeddable":true,"href":"https:\/\/staging.dynatime.ch\/de\/wp-json\/wp\/v2\/comments?post=31947"}],"version-history":[{"count":0,"href":"https:\/\/staging.dynatime.ch\/de\/wp-json\/wp\/v2\/product\/31947\/revisions"}],"wp:featuredmedia":[{"embeddable":true,"href":"https:\/\/staging.dynatime.ch\/de\/wp-json\/wp\/v2\/media\/30986"}],"wp:attachment":[{"href":"https:\/\/staging.dynatime.ch\/de\/wp-json\/wp\/v2\/media?parent=31947"}],"wp:term":[{"taxonomy":"product_cat","embeddable":true,"href":"https:\/\/staging.dynatime.ch\/de\/wp-json\/wp\/v2\/product_cat?post=31947"},{"taxonomy":"product_tag","embeddable":true,"href":"https:\/\/staging.dynatime.ch\/de\/wp-json\/wp\/v2\/product_tag?post=31947"}],"curies":[{"name":"wp","href":"https:\/\/api.w.org\/{rel}","templated":true}]}}