{"id":31948,"date":"2024-02-01T14:14:27","date_gmt":"2024-02-01T13:14:27","guid":{"rendered":"https:\/\/staging.dynatime.ch\/?post_type=product&#038;p=31948"},"modified":"2024-02-01T14:17:27","modified_gmt":"2024-02-01T13:17:27","slug":"drr450-ssr-integre","status":"publish","type":"product","link":"https:\/\/staging.dynatime.ch\/de\/product\/drr450-ssr-integre\/","title":{"rendered":"DRR450 - Integriertes SSR"},"content":{"rendered":"<p>Der DRR450 Thermoregulator wurde entwickelt, um die Temperatur und den Strom in Mehrzonensystemen \u00fcber den RS485-Kommunikationsstandard und das Modbus RTU\/Slave-Protokoll zu steuern. Er ist \u00e4u\u00dferst kompakt und verf\u00fcgt \u00fcber einen direkten Plug-in-Anschluss an das einphasige SSR-Stromversorgungsmodul, wodurch die Verdrahtungskosten und die Installationszeit reduziert werden. Der integrierte Stromwandler erm\u00f6glicht die \u00dcberwachung des Stroms auf der Last und die Verwaltung des relativen Alarms. Zus\u00e4tzlich zum SSR-Steuerungsausgang steht ein zweiter Ausgang auf dem Controller zur Verf\u00fcgung, der f\u00fcr Alarm- oder Heiz-\/K\u00fchl-PID-Funktionen programmierbar ist.<\/p>","protected":false},"excerpt":{"rendered":"<p>PID-Controller mit SSR<br \/>\nPID-Temperaturregler integriert in SSR-Modul f\u00fcr Mehrzonensysteme<\/p>","protected":false},"featured_media":29670,"comment_status":"closed","ping_status":"closed","template":"","meta":{"_acf_changed":false},"product_cat":[105,110],"product_tag":[],"acf":[],"_links":{"self":[{"href":"https:\/\/staging.dynatime.ch\/de\/wp-json\/wp\/v2\/product\/31948"}],"collection":[{"href":"https:\/\/staging.dynatime.ch\/de\/wp-json\/wp\/v2\/product"}],"about":[{"href":"https:\/\/staging.dynatime.ch\/de\/wp-json\/wp\/v2\/types\/product"}],"replies":[{"embeddable":true,"href":"https:\/\/staging.dynatime.ch\/de\/wp-json\/wp\/v2\/comments?post=31948"}],"version-history":[{"count":0,"href":"https:\/\/staging.dynatime.ch\/de\/wp-json\/wp\/v2\/product\/31948\/revisions"}],"wp:featuredmedia":[{"embeddable":true,"href":"https:\/\/staging.dynatime.ch\/de\/wp-json\/wp\/v2\/media\/29670"}],"wp:attachment":[{"href":"https:\/\/staging.dynatime.ch\/de\/wp-json\/wp\/v2\/media?parent=31948"}],"wp:term":[{"taxonomy":"product_cat","embeddable":true,"href":"https:\/\/staging.dynatime.ch\/de\/wp-json\/wp\/v2\/product_cat?post=31948"},{"taxonomy":"product_tag","embeddable":true,"href":"https:\/\/staging.dynatime.ch\/de\/wp-json\/wp\/v2\/product_tag?post=31948"}],"curies":[{"name":"wp","href":"https:\/\/api.w.org\/{rel}","templated":true}]}}