{"id":31977,"date":"2024-02-01T15:03:49","date_gmt":"2024-02-01T14:03:49","guid":{"rendered":"https:\/\/staging.dynatime.ch\/?post_type=product&#038;p=31977"},"modified":"2024-02-01T15:14:32","modified_gmt":"2024-02-01T14:14:32","slug":"instruments-pour-tableau-de-commande","status":"publish","type":"product","link":"https:\/\/staging.dynatime.ch\/de\/product\/instruments-pour-tableau-de-commande\/","title":{"rendered":"Instrumente f\u00fcr das Bedienfeld"},"content":{"rendered":"<p><img decoding=\"async\" class=\"alignnone wp-image-30795\" src=\"https:\/\/dynatimesa.ch\/wp-content\/uploads\/2020\/03\/logo_SENECA.jpg\" alt=\"\" width=\"221\" height=\"76\" \/><\/p>\n<p>Mit einem umfangreichen Angebot an Ger\u00e4ten f\u00fcr die industrielle Steuerung bietet SENECA die fortschrittlichsten optischen, kapazitiven und induktiven Technologien f\u00fcr die Normalisierung von Feldsignalen von Sensoren und Aktoren, die galvanische Trennung, den elektrischen Schutz, die Verbindung von Messschleifen und die Kontrolle von elektrischen und Umgebungsparametern. Die Produkte zur Signalkonditionierung k\u00f6nnen in universellen Anwendungen auch in Verbindung mit anderen SENECA-Produkten eingesetzt werden. Ihr elektrischer und mechanischer Aufbau erm\u00f6glicht es, den Verdrahtungs- und Wartungsaufwand auf ein Minimum zu reduzieren.<\/p>","protected":false},"excerpt":{"rendered":"<p>In der Produktlinie Schalttafel- und Messger\u00e4te finden sich Signalwandler, Digitalanzeigen, Totalisatoren, Vorwahlschalter, \u00dcberspannungsschutz, stabilisierte Netzteile, Temperatur- und Feuchtigkeitssensoren.<\/p>","protected":false},"featured_media":29479,"comment_status":"closed","ping_status":"closed","template":"","meta":{"_acf_changed":false},"product_cat":[105,113],"product_tag":[],"acf":[],"_links":{"self":[{"href":"https:\/\/staging.dynatime.ch\/de\/wp-json\/wp\/v2\/product\/31977"}],"collection":[{"href":"https:\/\/staging.dynatime.ch\/de\/wp-json\/wp\/v2\/product"}],"about":[{"href":"https:\/\/staging.dynatime.ch\/de\/wp-json\/wp\/v2\/types\/product"}],"replies":[{"embeddable":true,"href":"https:\/\/staging.dynatime.ch\/de\/wp-json\/wp\/v2\/comments?post=31977"}],"version-history":[{"count":0,"href":"https:\/\/staging.dynatime.ch\/de\/wp-json\/wp\/v2\/product\/31977\/revisions"}],"wp:featuredmedia":[{"embeddable":true,"href":"https:\/\/staging.dynatime.ch\/de\/wp-json\/wp\/v2\/media\/29479"}],"wp:attachment":[{"href":"https:\/\/staging.dynatime.ch\/de\/wp-json\/wp\/v2\/media?parent=31977"}],"wp:term":[{"taxonomy":"product_cat","embeddable":true,"href":"https:\/\/staging.dynatime.ch\/de\/wp-json\/wp\/v2\/product_cat?post=31977"},{"taxonomy":"product_tag","embeddable":true,"href":"https:\/\/staging.dynatime.ch\/de\/wp-json\/wp\/v2\/product_tag?post=31977"}],"curies":[{"name":"wp","href":"https:\/\/api.w.org\/{rel}","templated":true}]}}