{"id":31978,"date":"2024-02-01T15:05:19","date_gmt":"2024-02-01T14:05:19","guid":{"rendered":"https:\/\/staging.dynatime.ch\/?post_type=product&#038;p=31978"},"modified":"2024-02-13T09:11:18","modified_gmt":"2024-02-13T08:11:18","slug":"temperature-tete-rail-din","status":"publish","type":"product","link":"https:\/\/staging.dynatime.ch\/de\/product\/temperature-tete-rail-din\/","title":{"rendered":"Temperatur Kopf\/Schiene DIN"},"content":{"rendered":"<p class=\"p1\"><span class=\"s1\"><img decoding=\"async\" class=\"alignnone wp-image-29434\" src=\"https:\/\/dynatimesa.ch\/wp-content\/uploads\/2019\/02\/PIXSYS.png\" sizes=\"(max-width: 200px) 100vw, 200px\" srcset=\"https:\/\/dynatime.ch\/wp-content\/uploads\/2019\/02\/PIXSYS.png 381w, https:\/\/dynatime.ch\/wp-content\/uploads\/2019\/02\/PIXSYS-300x102.png 300w\" alt=\"\" width=\"200\" height=\"68\" \/><\/span><\/p>\n<p class=\"p1\"><span class=\"s1\">Ces convertisseurs garantissent une grande pr\u00e9cision sur l&rsquo;\u00e9chelle de lecture avec une conversion 16 bits et la possibilit\u00e9 de redimensionner la sortie en fonction de la plage d&rsquo;entr\u00e9e.<\/span><\/p>","protected":false},"excerpt":{"rendered":"<p class=\"p1\"><span class=\"s1\">Convertisseurs pour sondes de temp\u00e9rature PT100, PT1000 ou Ni100 (avec connexions \u00e0 2, 3 et 4 fils) ou Thermocouples en un signal de 4..20 mA\/0\u202610V.<\/span><\/p>","protected":false},"featured_media":29848,"comment_status":"closed","ping_status":"closed","template":"","meta":{"_acf_changed":false},"product_cat":[105,113],"product_tag":[],"acf":[],"_links":{"self":[{"href":"https:\/\/staging.dynatime.ch\/de\/wp-json\/wp\/v2\/product\/31978"}],"collection":[{"href":"https:\/\/staging.dynatime.ch\/de\/wp-json\/wp\/v2\/product"}],"about":[{"href":"https:\/\/staging.dynatime.ch\/de\/wp-json\/wp\/v2\/types\/product"}],"replies":[{"embeddable":true,"href":"https:\/\/staging.dynatime.ch\/de\/wp-json\/wp\/v2\/comments?post=31978"}],"version-history":[{"count":0,"href":"https:\/\/staging.dynatime.ch\/de\/wp-json\/wp\/v2\/product\/31978\/revisions"}],"wp:featuredmedia":[{"embeddable":true,"href":"https:\/\/staging.dynatime.ch\/de\/wp-json\/wp\/v2\/media\/29848"}],"wp:attachment":[{"href":"https:\/\/staging.dynatime.ch\/de\/wp-json\/wp\/v2\/media?parent=31978"}],"wp:term":[{"taxonomy":"product_cat","embeddable":true,"href":"https:\/\/staging.dynatime.ch\/de\/wp-json\/wp\/v2\/product_cat?post=31978"},{"taxonomy":"product_tag","embeddable":true,"href":"https:\/\/staging.dynatime.ch\/de\/wp-json\/wp\/v2\/product_tag?post=31978"}],"curies":[{"name":"wp","href":"https:\/\/api.w.org\/{rel}","templated":true}]}}