{"id":32016,"date":"2024-02-01T16:02:36","date_gmt":"2024-02-01T15:02:36","guid":{"rendered":"https:\/\/staging.dynatime.ch\/?post_type=product&#038;p=32016"},"modified":"2024-02-01T16:08:03","modified_gmt":"2024-02-01T15:08:03","slug":"12-1-td860","status":"publish","type":"product","link":"https:\/\/staging.dynatime.ch\/de\/product\/12-1-td860\/","title":{"rendered":"12.1 \" - TD860"},"content":{"rendered":"<p>Erweiterte Konnektivit\u00e4t mit Dual-Ethernet und Mini-PCI<br \/>\nErh\u00f6hte W\u00e4rmeableitung durch Aluminiumgeh\u00e4use<br \/>\nExtrem kompakte Tiefe - nur 29 mm!<\/p>","protected":false},"excerpt":{"rendered":"<p>Panel PC<\/p>","protected":false},"featured_media":29501,"comment_status":"closed","ping_status":"closed","template":"","meta":{"_acf_changed":false},"product_cat":[105,114],"product_tag":[],"acf":[],"_links":{"self":[{"href":"https:\/\/staging.dynatime.ch\/de\/wp-json\/wp\/v2\/product\/32016"}],"collection":[{"href":"https:\/\/staging.dynatime.ch\/de\/wp-json\/wp\/v2\/product"}],"about":[{"href":"https:\/\/staging.dynatime.ch\/de\/wp-json\/wp\/v2\/types\/product"}],"replies":[{"embeddable":true,"href":"https:\/\/staging.dynatime.ch\/de\/wp-json\/wp\/v2\/comments?post=32016"}],"version-history":[{"count":0,"href":"https:\/\/staging.dynatime.ch\/de\/wp-json\/wp\/v2\/product\/32016\/revisions"}],"wp:featuredmedia":[{"embeddable":true,"href":"https:\/\/staging.dynatime.ch\/de\/wp-json\/wp\/v2\/media\/29501"}],"wp:attachment":[{"href":"https:\/\/staging.dynatime.ch\/de\/wp-json\/wp\/v2\/media?parent=32016"}],"wp:term":[{"taxonomy":"product_cat","embeddable":true,"href":"https:\/\/staging.dynatime.ch\/de\/wp-json\/wp\/v2\/product_cat?post=32016"},{"taxonomy":"product_tag","embeddable":true,"href":"https:\/\/staging.dynatime.ch\/de\/wp-json\/wp\/v2\/product_tag?post=32016"}],"curies":[{"name":"wp","href":"https:\/\/api.w.org\/{rel}","templated":true}]}}