{"id":32020,"date":"2024-02-01T16:15:56","date_gmt":"2024-02-01T15:15:56","guid":{"rendered":"https:\/\/staging.dynatime.ch\/?post_type=product&#038;p=32020"},"modified":"2024-04-15T15:10:39","modified_gmt":"2024-04-15T13:10:39","slug":"21-5-td920","status":"publish","type":"product","link":"https:\/\/staging.dynatime.ch\/de\/product\/21-5-td920\/","title":{"rendered":"21.5 \" - TD920"},"content":{"rendered":"<p>Erweiterte Konnektivit\u00e4t mit Dual-Ethernet und Mini-PCI<br \/>\nErh\u00f6hte W\u00e4rmeableitung durch Aluminiumgeh\u00e4use<br \/>\nExtrem kompakte Tiefe - nur 29 mm!<\/p>","protected":false},"excerpt":{"rendered":"<p>Panel PC<\/p>","protected":false},"featured_media":29968,"comment_status":"closed","ping_status":"closed","template":"","meta":{"_acf_changed":false},"product_cat":[105,114],"product_tag":[],"acf":[],"_links":{"self":[{"href":"https:\/\/staging.dynatime.ch\/de\/wp-json\/wp\/v2\/product\/32020"}],"collection":[{"href":"https:\/\/staging.dynatime.ch\/de\/wp-json\/wp\/v2\/product"}],"about":[{"href":"https:\/\/staging.dynatime.ch\/de\/wp-json\/wp\/v2\/types\/product"}],"replies":[{"embeddable":true,"href":"https:\/\/staging.dynatime.ch\/de\/wp-json\/wp\/v2\/comments?post=32020"}],"version-history":[{"count":1,"href":"https:\/\/staging.dynatime.ch\/de\/wp-json\/wp\/v2\/product\/32020\/revisions"}],"predecessor-version":[{"id":32540,"href":"https:\/\/staging.dynatime.ch\/de\/wp-json\/wp\/v2\/product\/32020\/revisions\/32540"}],"wp:featuredmedia":[{"embeddable":true,"href":"https:\/\/staging.dynatime.ch\/de\/wp-json\/wp\/v2\/media\/29968"}],"wp:attachment":[{"href":"https:\/\/staging.dynatime.ch\/de\/wp-json\/wp\/v2\/media?parent=32020"}],"wp:term":[{"taxonomy":"product_cat","embeddable":true,"href":"https:\/\/staging.dynatime.ch\/de\/wp-json\/wp\/v2\/product_cat?post=32020"},{"taxonomy":"product_tag","embeddable":true,"href":"https:\/\/staging.dynatime.ch\/de\/wp-json\/wp\/v2\/product_tag?post=32020"}],"curies":[{"name":"wp","href":"https:\/\/api.w.org\/{rel}","templated":true}]}}