{"id":32218,"date":"2024-02-05T15:21:03","date_gmt":"2024-02-05T14:21:03","guid":{"rendered":"https:\/\/staging.dynatime.ch\/?post_type=product&#038;p=32218"},"modified":"2024-02-05T15:21:04","modified_gmt":"2024-02-05T14:21:04","slug":"m-i-c-probe-with-silicon-cable","status":"publish","type":"product","link":"https:\/\/staging.dynatime.ch\/de\/product\/m-i-c-probe-with-silicon-cable\/","title":{"rendered":"M.I.C.-Probe mit Silikonkabel"},"content":{"rendered":"<p>Mineralisch isoliert Temperaturbest\u00e4ndigkeitssensor \u00d8 1,5 - 2 - 3 - 4,5 mm mit geformtem POLYAMID-\u00dcbergang<\/p>\n<ul>\n<li>POLYAMID \u00dcbergang (T\u00b0 MAX 120\u00b0C)<\/li>\n<li>Densely packed mineral insulated construction (M.I.C.) (dicht gepackte mineralisch isolierte Konstruktion)<\/li>\n<li>Sensing part suitable for temperature up to 500\u00b0C<\/li>\n<\/ul>","protected":false},"excerpt":{"rendered":"<p>Mineralisch isolierte RTD-Sonde mit \u00fcberspritztem Kabel\u00fcbergang<\/p>","protected":false},"featured_media":31769,"comment_status":"closed","ping_status":"closed","template":"","meta":{"_acf_changed":false},"product_cat":[106,135,116],"product_tag":[],"acf":[],"_links":{"self":[{"href":"https:\/\/staging.dynatime.ch\/de\/wp-json\/wp\/v2\/product\/32218"}],"collection":[{"href":"https:\/\/staging.dynatime.ch\/de\/wp-json\/wp\/v2\/product"}],"about":[{"href":"https:\/\/staging.dynatime.ch\/de\/wp-json\/wp\/v2\/types\/product"}],"replies":[{"embeddable":true,"href":"https:\/\/staging.dynatime.ch\/de\/wp-json\/wp\/v2\/comments?post=32218"}],"version-history":[{"count":0,"href":"https:\/\/staging.dynatime.ch\/de\/wp-json\/wp\/v2\/product\/32218\/revisions"}],"wp:featuredmedia":[{"embeddable":true,"href":"https:\/\/staging.dynatime.ch\/de\/wp-json\/wp\/v2\/media\/31769"}],"wp:attachment":[{"href":"https:\/\/staging.dynatime.ch\/de\/wp-json\/wp\/v2\/media?parent=32218"}],"wp:term":[{"taxonomy":"product_cat","embeddable":true,"href":"https:\/\/staging.dynatime.ch\/de\/wp-json\/wp\/v2\/product_cat?post=32218"},{"taxonomy":"product_tag","embeddable":true,"href":"https:\/\/staging.dynatime.ch\/de\/wp-json\/wp\/v2\/product_tag?post=32218"}],"curies":[{"name":"wp","href":"https:\/\/api.w.org\/{rel}","templated":true}]}}