{"id":32220,"date":"2024-02-05T15:24:37","date_gmt":"2024-02-05T14:24:37","guid":{"rendered":"https:\/\/staging.dynatime.ch\/?post_type=product&#038;p=32220"},"modified":"2024-02-05T15:24:37","modified_gmt":"2024-02-05T14:24:37","slug":"evominix-i","status":"publish","type":"product","link":"https:\/\/staging.dynatime.ch\/de\/product\/evominix-i\/","title":{"rendered":"EvominiX I"},"content":{"rendered":"<p>4\u00f720mA programmierbarer Temperaturtransmitter mit mineralisch isolierter Sonde<\/p>\n<p>PC-konfigurierbarer Temperaturtransmitter mit mineralisch isoliertem F\u00fchler (MgO) in einem Geh\u00e4use der Schutzart IP67 mit M12-Ausgangsanschluss. Dieses Ger\u00e4t kann eine zuverl\u00e4ssige Alternative zu gemeinsamen Baugruppen mit Anschlusskopf sein.<\/p>","protected":false},"excerpt":{"rendered":"<p>Mineralisch isolierter RTD-Probe mit integriertem 4-20mA-Transmitter, programmierbar<\/p>","protected":false},"featured_media":31791,"comment_status":"closed","ping_status":"closed","template":"","meta":{"_acf_changed":false},"product_cat":[106,135,116],"product_tag":[],"acf":[],"_links":{"self":[{"href":"https:\/\/staging.dynatime.ch\/de\/wp-json\/wp\/v2\/product\/32220"}],"collection":[{"href":"https:\/\/staging.dynatime.ch\/de\/wp-json\/wp\/v2\/product"}],"about":[{"href":"https:\/\/staging.dynatime.ch\/de\/wp-json\/wp\/v2\/types\/product"}],"replies":[{"embeddable":true,"href":"https:\/\/staging.dynatime.ch\/de\/wp-json\/wp\/v2\/comments?post=32220"}],"version-history":[{"count":0,"href":"https:\/\/staging.dynatime.ch\/de\/wp-json\/wp\/v2\/product\/32220\/revisions"}],"wp:featuredmedia":[{"embeddable":true,"href":"https:\/\/staging.dynatime.ch\/de\/wp-json\/wp\/v2\/media\/31791"}],"wp:attachment":[{"href":"https:\/\/staging.dynatime.ch\/de\/wp-json\/wp\/v2\/media?parent=32220"}],"wp:term":[{"taxonomy":"product_cat","embeddable":true,"href":"https:\/\/staging.dynatime.ch\/de\/wp-json\/wp\/v2\/product_cat?post=32220"},{"taxonomy":"product_tag","embeddable":true,"href":"https:\/\/staging.dynatime.ch\/de\/wp-json\/wp\/v2\/product_tag?post=32220"}],"curies":[{"name":"wp","href":"https:\/\/api.w.org\/{rel}","templated":true}]}}