{"id":32226,"date":"2024-02-05T15:47:10","date_gmt":"2024-02-05T14:47:10","guid":{"rendered":"https:\/\/staging.dynatime.ch\/?post_type=product&#038;p=32226"},"modified":"2024-02-05T15:47:29","modified_gmt":"2024-02-05T14:47:29","slug":"thermocouple-with-compensated-connector-with-m12x1-male-metal-thread","status":"publish","type":"product","link":"https:\/\/staging.dynatime.ch\/de\/product\/thermocouple-with-compensated-connector-with-m12x1-male-metal-thread\/","title":{"rendered":"Thermoelement mit kompensiertem Stecker mit M12x1 Au\u00dfengewinde aus Metall"},"content":{"rendered":"<p>Alternative Thermoelemente entweder zu Probes mit Standardanschl\u00fcssen oder zu Baugruppen mit Verbindungsk\u00f6pfen<\/p>\n<ul>\n<li>Widerstandsf\u00e4higes Design und hoher Grad an Umweltschutz (IP-67)<\/li>\n<li>Single oder Dual Sensing Element<\/li>\n<li>Vibrationsresistentes Design<\/li>\n<\/ul>","protected":false},"excerpt":{"rendered":"<p>Mineralisch isoliertes Thermoelement, \u00fcbergossener M12-Anschluss<strong><br \/>\n<\/strong><\/p>","protected":false},"featured_media":31765,"comment_status":"closed","ping_status":"closed","template":"","meta":{"_acf_changed":false},"product_cat":[106,135,116],"product_tag":[],"acf":[],"_links":{"self":[{"href":"https:\/\/staging.dynatime.ch\/de\/wp-json\/wp\/v2\/product\/32226"}],"collection":[{"href":"https:\/\/staging.dynatime.ch\/de\/wp-json\/wp\/v2\/product"}],"about":[{"href":"https:\/\/staging.dynatime.ch\/de\/wp-json\/wp\/v2\/types\/product"}],"replies":[{"embeddable":true,"href":"https:\/\/staging.dynatime.ch\/de\/wp-json\/wp\/v2\/comments?post=32226"}],"version-history":[{"count":0,"href":"https:\/\/staging.dynatime.ch\/de\/wp-json\/wp\/v2\/product\/32226\/revisions"}],"wp:featuredmedia":[{"embeddable":true,"href":"https:\/\/staging.dynatime.ch\/de\/wp-json\/wp\/v2\/media\/31765"}],"wp:attachment":[{"href":"https:\/\/staging.dynatime.ch\/de\/wp-json\/wp\/v2\/media?parent=32226"}],"wp:term":[{"taxonomy":"product_cat","embeddable":true,"href":"https:\/\/staging.dynatime.ch\/de\/wp-json\/wp\/v2\/product_cat?post=32226"},{"taxonomy":"product_tag","embeddable":true,"href":"https:\/\/staging.dynatime.ch\/de\/wp-json\/wp\/v2\/product_tag?post=32226"}],"curies":[{"name":"wp","href":"https:\/\/api.w.org\/{rel}","templated":true}]}}