{"id":32230,"date":"2024-02-05T15:56:54","date_gmt":"2024-02-05T14:56:54","guid":{"rendered":"https:\/\/staging.dynatime.ch\/?post_type=product&#038;p=32230"},"modified":"2024-02-05T15:59:17","modified_gmt":"2024-02-05T14:59:17","slug":"thermocouple-type-k-o-15-2-3-45mm-with-integrated-cable","status":"publish","type":"product","link":"https:\/\/staging.dynatime.ch\/de\/product\/thermocouple-type-k-o-15-2-3-45mm-with-integrated-cable\/","title":{"rendered":"Thermoelement Typ K \u00d8 1,5 - 2 - 3 - 4,5mm mit integriertem Kabel"},"content":{"rendered":"<p>Thermoelement K Einzelelement mit kompaktem mineralisch isoliertem Kabel (M.I.C.) mit POLYAMIDE OVERMOULDED \u00dcbergang und SILICON RUBBER kompensiertem Kabel<\/p>\n<ul>\n<li>Gro\u00dfe Auswahl an verf\u00fcgbaren Durchmessern und L\u00e4ngen<\/li>\n<li>\u00dcbergang T\u00b0 MAX 120\u00b0C<\/li>\n<li>Verschiedene Arten der Isolierung von Verl\u00e4ngerungskabeln<\/li>\n<\/ul>","protected":false},"excerpt":{"rendered":"<p>Mineralisch isoliertes Thermoelement, gegossener Kabel\u00fcbergang<\/p>","protected":false},"featured_media":31763,"comment_status":"closed","ping_status":"closed","template":"","meta":{"_acf_changed":false},"product_cat":[106,135,116],"product_tag":[],"acf":[],"_links":{"self":[{"href":"https:\/\/staging.dynatime.ch\/de\/wp-json\/wp\/v2\/product\/32230"}],"collection":[{"href":"https:\/\/staging.dynatime.ch\/de\/wp-json\/wp\/v2\/product"}],"about":[{"href":"https:\/\/staging.dynatime.ch\/de\/wp-json\/wp\/v2\/types\/product"}],"replies":[{"embeddable":true,"href":"https:\/\/staging.dynatime.ch\/de\/wp-json\/wp\/v2\/comments?post=32230"}],"version-history":[{"count":0,"href":"https:\/\/staging.dynatime.ch\/de\/wp-json\/wp\/v2\/product\/32230\/revisions"}],"wp:featuredmedia":[{"embeddable":true,"href":"https:\/\/staging.dynatime.ch\/de\/wp-json\/wp\/v2\/media\/31763"}],"wp:attachment":[{"href":"https:\/\/staging.dynatime.ch\/de\/wp-json\/wp\/v2\/media?parent=32230"}],"wp:term":[{"taxonomy":"product_cat","embeddable":true,"href":"https:\/\/staging.dynatime.ch\/de\/wp-json\/wp\/v2\/product_cat?post=32230"},{"taxonomy":"product_tag","embeddable":true,"href":"https:\/\/staging.dynatime.ch\/de\/wp-json\/wp\/v2\/product_tag?post=32230"}],"curies":[{"name":"wp","href":"https:\/\/api.w.org\/{rel}","templated":true}]}}