{"id":32238,"date":"2024-02-05T16:26:13","date_gmt":"2024-02-05T15:26:13","guid":{"rendered":"https:\/\/staging.dynatime.ch\/?post_type=product&#038;p=32238"},"modified":"2024-02-05T16:26:13","modified_gmt":"2024-02-05T15:26:13","slug":"evominiv-mic","status":"publish","type":"product","link":"https:\/\/staging.dynatime.ch\/de\/product\/evominiv-mic\/","title":{"rendered":"EVOMINIV MIC"},"content":{"rendered":"<p>0 \u00f7 10 V temperature transmitter<\/p>\n<p>Dieses Ger\u00e4t kann eine zuverl\u00e4ssige Alternative zu gemeinsamen Baugruppen mit Verbindungskopf sein. Dann geformte Verbinder erm\u00f6glichen eine einfache Installation.<\/p>","protected":false},"excerpt":{"rendered":"<p>Mineralisch isolierter PT100, integrierter 0-10V-Transmitter<\/p>","protected":false},"featured_media":31797,"comment_status":"closed","ping_status":"closed","template":"","meta":{"_acf_changed":false},"product_cat":[106,117],"product_tag":[],"acf":[],"_links":{"self":[{"href":"https:\/\/staging.dynatime.ch\/de\/wp-json\/wp\/v2\/product\/32238"}],"collection":[{"href":"https:\/\/staging.dynatime.ch\/de\/wp-json\/wp\/v2\/product"}],"about":[{"href":"https:\/\/staging.dynatime.ch\/de\/wp-json\/wp\/v2\/types\/product"}],"replies":[{"embeddable":true,"href":"https:\/\/staging.dynatime.ch\/de\/wp-json\/wp\/v2\/comments?post=32238"}],"version-history":[{"count":0,"href":"https:\/\/staging.dynatime.ch\/de\/wp-json\/wp\/v2\/product\/32238\/revisions"}],"wp:featuredmedia":[{"embeddable":true,"href":"https:\/\/staging.dynatime.ch\/de\/wp-json\/wp\/v2\/media\/31797"}],"wp:attachment":[{"href":"https:\/\/staging.dynatime.ch\/de\/wp-json\/wp\/v2\/media?parent=32238"}],"wp:term":[{"taxonomy":"product_cat","embeddable":true,"href":"https:\/\/staging.dynatime.ch\/de\/wp-json\/wp\/v2\/product_cat?post=32238"},{"taxonomy":"product_tag","embeddable":true,"href":"https:\/\/staging.dynatime.ch\/de\/wp-json\/wp\/v2\/product_tag?post=32238"}],"curies":[{"name":"wp","href":"https:\/\/api.w.org\/{rel}","templated":true}]}}