{"id":32240,"date":"2024-02-05T16:26:19","date_gmt":"2024-02-05T15:26:19","guid":{"rendered":"https:\/\/staging.dynatime.ch\/?post_type=product&#038;p=32240"},"modified":"2024-02-05T16:27:55","modified_gmt":"2024-02-05T15:27:55","slug":"evominix-cm","status":"publish","type":"product","link":"https:\/\/staging.dynatime.ch\/de\/product\/evominix-cm\/","title":{"rendered":"EvominiX CM"},"content":{"rendered":"<p>4\u00f720mA programmierbarer Temperatursignalwandler mit Metallgeh\u00e4use<\/p>\n<p>Ein kompakter, PC-konfigurierbarer Temperatursignalwandler f\u00fcr Pt100- und Pt1000-Proben. Die integrierten Anschl\u00fcsse erm\u00f6glichen die direkte Montage des Senders auf dem Sensor. Er kommt in einem IP67-gesch\u00fctzten Metallgeh\u00e4use mit M12-Anschl\u00fcssen an beiden Enden. Er ist kompatibel mit der Italcoppie TRM- und TRC-Probenserie.<\/p>","protected":false},"excerpt":{"rendered":"<p>RTD-Konverter f\u00fcr PT100\/PT1000, 4-20mA Metallgeh\u00e4use<\/p>","protected":false},"featured_media":31796,"comment_status":"closed","ping_status":"closed","template":"","meta":{"_acf_changed":false},"product_cat":[106,117],"product_tag":[],"acf":[],"_links":{"self":[{"href":"https:\/\/staging.dynatime.ch\/de\/wp-json\/wp\/v2\/product\/32240"}],"collection":[{"href":"https:\/\/staging.dynatime.ch\/de\/wp-json\/wp\/v2\/product"}],"about":[{"href":"https:\/\/staging.dynatime.ch\/de\/wp-json\/wp\/v2\/types\/product"}],"replies":[{"embeddable":true,"href":"https:\/\/staging.dynatime.ch\/de\/wp-json\/wp\/v2\/comments?post=32240"}],"version-history":[{"count":0,"href":"https:\/\/staging.dynatime.ch\/de\/wp-json\/wp\/v2\/product\/32240\/revisions"}],"wp:featuredmedia":[{"embeddable":true,"href":"https:\/\/staging.dynatime.ch\/de\/wp-json\/wp\/v2\/media\/31796"}],"wp:attachment":[{"href":"https:\/\/staging.dynatime.ch\/de\/wp-json\/wp\/v2\/media?parent=32240"}],"wp:term":[{"taxonomy":"product_cat","embeddable":true,"href":"https:\/\/staging.dynatime.ch\/de\/wp-json\/wp\/v2\/product_cat?post=32240"},{"taxonomy":"product_tag","embeddable":true,"href":"https:\/\/staging.dynatime.ch\/de\/wp-json\/wp\/v2\/product_tag?post=32240"}],"curies":[{"name":"wp","href":"https:\/\/api.w.org\/{rel}","templated":true}]}}