{"id":32248,"date":"2024-02-06T09:05:25","date_gmt":"2024-02-06T08:05:25","guid":{"rendered":"https:\/\/staging.dynatime.ch\/?post_type=product&#038;p=32248"},"modified":"2024-02-06T09:05:25","modified_gmt":"2024-02-06T08:05:25","slug":"compact-pt1000-rtd-probe-with-m10x125-threading-and-integrated-cable","status":"publish","type":"product","link":"https:\/\/staging.dynatime.ch\/de\/product\/compact-pt1000-rtd-probe-with-m10x125-threading-and-integrated-cable\/","title":{"rendered":"Compact Pt1000 RTD-Probe mit M10x1,25-Gewinde und integriertem Kabel"},"content":{"rendered":"<p>RTD-Probe mit integriertem Kabel<\/p>\n<ul>\n<li>RTD-Sonde Pt 1000 in Kl. A<\/li>\n<li>Thermowell AISI 316L Gewinde M10x1,25<\/li>\n<li>FEP\/SILICONE RUBBER Cable<\/li>\n<li>Kontakt Termination Mate-N-Lock 350561-1 mit Geh\u00e4use 1-350867-0<\/li>\n<\/ul>","protected":false},"excerpt":{"rendered":"<p><strong>PT1000<\/strong>\u00a0Boilerf\u00fchler mit M10-Gewinde und \u00fcberformtem Kabel\u00fcbergang<\/p>","protected":false},"featured_media":31543,"comment_status":"closed","ping_status":"closed","template":"","meta":{"_acf_changed":false},"product_cat":[136,106,118],"product_tag":[],"acf":[],"_links":{"self":[{"href":"https:\/\/staging.dynatime.ch\/de\/wp-json\/wp\/v2\/product\/32248"}],"collection":[{"href":"https:\/\/staging.dynatime.ch\/de\/wp-json\/wp\/v2\/product"}],"about":[{"href":"https:\/\/staging.dynatime.ch\/de\/wp-json\/wp\/v2\/types\/product"}],"replies":[{"embeddable":true,"href":"https:\/\/staging.dynatime.ch\/de\/wp-json\/wp\/v2\/comments?post=32248"}],"version-history":[{"count":0,"href":"https:\/\/staging.dynatime.ch\/de\/wp-json\/wp\/v2\/product\/32248\/revisions"}],"wp:featuredmedia":[{"embeddable":true,"href":"https:\/\/staging.dynatime.ch\/de\/wp-json\/wp\/v2\/media\/31543"}],"wp:attachment":[{"href":"https:\/\/staging.dynatime.ch\/de\/wp-json\/wp\/v2\/media?parent=32248"}],"wp:term":[{"taxonomy":"product_cat","embeddable":true,"href":"https:\/\/staging.dynatime.ch\/de\/wp-json\/wp\/v2\/product_cat?post=32248"},{"taxonomy":"product_tag","embeddable":true,"href":"https:\/\/staging.dynatime.ch\/de\/wp-json\/wp\/v2\/product_tag?post=32248"}],"curies":[{"name":"wp","href":"https:\/\/api.w.org\/{rel}","templated":true}]}}