{"id":32250,"date":"2024-02-06T09:05:34","date_gmt":"2024-02-06T08:05:34","guid":{"rendered":"https:\/\/staging.dynatime.ch\/?post_type=product&#038;p=32250"},"modified":"2024-02-06T09:08:36","modified_gmt":"2024-02-06T08:08:36","slug":"compact-m6x1-ntc-probe-with-integrated-cable","status":"publish","type":"product","link":"https:\/\/staging.dynatime.ch\/de\/product\/compact-m6x1-ntc-probe-with-integrated-cable\/","title":{"rendered":"Compact M6X1 NTC-Probe mit integriertem Kabel"},"content":{"rendered":"<p>Kompakter NTC 3.3K F\u00fchler mit integriertem Kabel<\/p>\n<ul>\n<li>Sensing element NTC 3300 Ohm \u00b1 2.5% @ 100\u00b0C \u00df = (0\/100) 3970<\/li>\n<li>Thermowell AISI 316L mit Gewindeanschluss M6x1<\/li>\n<li>Unipolare Kabel und UL Heat-Shrinking-Sheath-Beschichtung<\/li>\n<li>Connector termination Molex Mini-FIT 39-01-3023<\/li>\n<\/ul>","protected":false},"excerpt":{"rendered":"<p><strong>NTC<\/strong>\u00a0Boilerf\u00fchler mit M6-Gewinde und \u00fcbergossenem Kabel\u00fcbergang<\/p>","protected":false},"featured_media":31542,"comment_status":"closed","ping_status":"closed","template":"","meta":{"_acf_changed":false},"product_cat":[136,106,118],"product_tag":[],"acf":[],"_links":{"self":[{"href":"https:\/\/staging.dynatime.ch\/de\/wp-json\/wp\/v2\/product\/32250"}],"collection":[{"href":"https:\/\/staging.dynatime.ch\/de\/wp-json\/wp\/v2\/product"}],"about":[{"href":"https:\/\/staging.dynatime.ch\/de\/wp-json\/wp\/v2\/types\/product"}],"replies":[{"embeddable":true,"href":"https:\/\/staging.dynatime.ch\/de\/wp-json\/wp\/v2\/comments?post=32250"}],"version-history":[{"count":0,"href":"https:\/\/staging.dynatime.ch\/de\/wp-json\/wp\/v2\/product\/32250\/revisions"}],"wp:featuredmedia":[{"embeddable":true,"href":"https:\/\/staging.dynatime.ch\/de\/wp-json\/wp\/v2\/media\/31542"}],"wp:attachment":[{"href":"https:\/\/staging.dynatime.ch\/de\/wp-json\/wp\/v2\/media?parent=32250"}],"wp:term":[{"taxonomy":"product_cat","embeddable":true,"href":"https:\/\/staging.dynatime.ch\/de\/wp-json\/wp\/v2\/product_cat?post=32250"},{"taxonomy":"product_tag","embeddable":true,"href":"https:\/\/staging.dynatime.ch\/de\/wp-json\/wp\/v2\/product_tag?post=32250"}],"curies":[{"name":"wp","href":"https:\/\/api.w.org\/{rel}","templated":true}]}}