{"id":32252,"date":"2024-02-06T09:08:50","date_gmt":"2024-02-06T08:08:50","guid":{"rendered":"https:\/\/staging.dynatime.ch\/?post_type=product&#038;p=32252"},"modified":"2024-02-06T09:30:59","modified_gmt":"2024-02-06T08:30:59","slug":"compact-ntc-probe-m12x1-with-integrated-cable-2","status":"publish","type":"product","link":"https:\/\/staging.dynatime.ch\/de\/product\/compact-ntc-probe-m12x1-with-integrated-cable-2\/","title":{"rendered":"Kompakter NTC-Probe M12X1 mit integriertem Kabel"},"content":{"rendered":"<p>Kompaktsonde NTC 47K mit integriertem Kabel<\/p>\n<ul>\n<li>Sensing element NTC 47000 Ohm @ 25\u00b0C \u00df=(25\/85) 3690<\/li>\n<li>Thermowell AISI 316L -mobile Prozessverbindung M12x1 BRASS CW614N<\/li>\n<li>Sealing O-RING<\/li>\n<li>Insulated single conductor cables in FEP UL regulations<\/li>\n<li>Connector Lumberg 3114-02 ending<\/li>\n<\/ul>","protected":false},"excerpt":{"rendered":"<p><strong>NTC<\/strong>\u00a0Boilerf\u00fchler mit M12-Ringmutter und Dichtungsring, \u00fcbergossener Kabel\u00fcbergang<\/p>","protected":false},"featured_media":31744,"comment_status":"closed","ping_status":"closed","template":"","meta":{"_acf_changed":false},"product_cat":[136,106,118],"product_tag":[],"acf":[],"_links":{"self":[{"href":"https:\/\/staging.dynatime.ch\/de\/wp-json\/wp\/v2\/product\/32252"}],"collection":[{"href":"https:\/\/staging.dynatime.ch\/de\/wp-json\/wp\/v2\/product"}],"about":[{"href":"https:\/\/staging.dynatime.ch\/de\/wp-json\/wp\/v2\/types\/product"}],"replies":[{"embeddable":true,"href":"https:\/\/staging.dynatime.ch\/de\/wp-json\/wp\/v2\/comments?post=32252"}],"version-history":[{"count":0,"href":"https:\/\/staging.dynatime.ch\/de\/wp-json\/wp\/v2\/product\/32252\/revisions"}],"wp:featuredmedia":[{"embeddable":true,"href":"https:\/\/staging.dynatime.ch\/de\/wp-json\/wp\/v2\/media\/31744"}],"wp:attachment":[{"href":"https:\/\/staging.dynatime.ch\/de\/wp-json\/wp\/v2\/media?parent=32252"}],"wp:term":[{"taxonomy":"product_cat","embeddable":true,"href":"https:\/\/staging.dynatime.ch\/de\/wp-json\/wp\/v2\/product_cat?post=32252"},{"taxonomy":"product_tag","embeddable":true,"href":"https:\/\/staging.dynatime.ch\/de\/wp-json\/wp\/v2\/product_tag?post=32252"}],"curies":[{"name":"wp","href":"https:\/\/api.w.org\/{rel}","templated":true}]}}