{"id":32264,"date":"2024-02-06T10:11:13","date_gmt":"2024-02-06T09:11:13","guid":{"rendered":"https:\/\/staging.dynatime.ch\/?post_type=product&#038;p=32264"},"modified":"2024-02-06T10:13:54","modified_gmt":"2024-02-06T09:13:54","slug":"steam-tube-with-integrated-probe-and-aspirator","status":"publish","type":"product","link":"https:\/\/staging.dynatime.ch\/de\/product\/steam-tube-with-integrated-probe-and-aspirator\/","title":{"rendered":"Steam tube with integrated probe and aspirator"},"content":{"rendered":"<ul>\n<li>Dampfsprinkler in AISI 316 5-Loch \u00d8 1,9 mm<\/li>\n<li>NTC 10K \u00b11%, beta(25\/85)=3435 (\u00d8 3mm)<\/li>\n<li>AMP MODU II Anschluss Terminierung<\/li>\n<li>Tiltender Halter ohne Einschr\u00e4nkung der Rotation<\/li>\n<li>Pivoting nozzle aspirator \u00d82,2mm<\/li>\n<\/ul>","protected":false},"excerpt":{"rendered":"<p>U-CAN TOUCH: Isolierte Edelstahldampfwand, integrierter Temperaturf\u00fchler, \u00fcbergossene Anti-Scorch-Beschichtung, Lufteinlassd\u00fcse<\/p>","protected":false},"featured_media":31602,"comment_status":"closed","ping_status":"closed","template":"","meta":{"_acf_changed":false},"product_cat":[106,118,137],"product_tag":[],"acf":[],"_links":{"self":[{"href":"https:\/\/staging.dynatime.ch\/de\/wp-json\/wp\/v2\/product\/32264"}],"collection":[{"href":"https:\/\/staging.dynatime.ch\/de\/wp-json\/wp\/v2\/product"}],"about":[{"href":"https:\/\/staging.dynatime.ch\/de\/wp-json\/wp\/v2\/types\/product"}],"replies":[{"embeddable":true,"href":"https:\/\/staging.dynatime.ch\/de\/wp-json\/wp\/v2\/comments?post=32264"}],"version-history":[{"count":0,"href":"https:\/\/staging.dynatime.ch\/de\/wp-json\/wp\/v2\/product\/32264\/revisions"}],"wp:featuredmedia":[{"embeddable":true,"href":"https:\/\/staging.dynatime.ch\/de\/wp-json\/wp\/v2\/media\/31602"}],"wp:attachment":[{"href":"https:\/\/staging.dynatime.ch\/de\/wp-json\/wp\/v2\/media?parent=32264"}],"wp:term":[{"taxonomy":"product_cat","embeddable":true,"href":"https:\/\/staging.dynatime.ch\/de\/wp-json\/wp\/v2\/product_cat?post=32264"},{"taxonomy":"product_tag","embeddable":true,"href":"https:\/\/staging.dynatime.ch\/de\/wp-json\/wp\/v2\/product_tag?post=32264"}],"curies":[{"name":"wp","href":"https:\/\/api.w.org\/{rel}","templated":true}]}}