{"id":32289,"date":"2024-02-06T16:14:54","date_gmt":"2024-02-06T15:14:54","guid":{"rendered":"https:\/\/staging.dynatime.ch\/?post_type=product&#038;p=32289"},"modified":"2024-02-06T16:14:54","modified_gmt":"2024-02-06T15:14:54","slug":"te-1049","status":"publish","type":"product","link":"https:\/\/staging.dynatime.ch\/de\/product\/te-1049\/","title":{"rendered":"TE 1049"},"content":{"rendered":"<p>Er folgt der PT100-Skala von -200\u00b0C bis +800\u00b0C mit 23 Einstellpunkten. Durchgehend werden Hochleistungs-Metallfilmwiderst\u00e4nde verwendet, die einen guten Temperaturkoeffizienten und Langzeitstabilit\u00e4t gew\u00e4hrleisten.<\/p>\n<p>Die Spezifikation ist in \u00dcbereinstimmung mit DIN EN 60751 (ITS 90). Er bietet eine hohe Genauigkeit \u00fcber den gesamten Betriebsbereich von PT100-Ger\u00e4ten und \u00fcbertrifft die Leistung der Klassen A und B. Die 1049 ist vor allem f\u00fcr Ger\u00e4te von Interesse, die im Bereich von -60 bis +60\u00b0C betrieben werden und eine Leistung ben\u00f6tigen, die \u00fcber die Klasse A hinausgeht (z. B. besser als +\/- 0,15\u00b0C bei 0\u00b0C).<\/p>\n<p>Da der Ausgang des 1049 ein rein passiver Widerstand ist, funktioniert er mit allen Arten von PT100-Messger\u00e4ten, einschlie\u00dflich Live-Systemen, die mit pulsierendem oder unterbrochenem Erregerstrom arbeiten. Durch die Taschengr\u00f6\u00dfe (112 x 61 x 55 mm) ist das Ger\u00e4t leicht tragbar und ideal f\u00fcr den Einsatz im Labor oder im Feld. Das Ger\u00e4t wird standardm\u00e4\u00dfig mit einem Tragekoffer ausgeliefert.<\/p>","protected":false},"excerpt":{"rendered":"<p>Der 1049 ist ein handgehaltener Pr\u00e4zisionssimulator f\u00fcr PT100 0,3850 Platin-Widerstandselemente, die zur genauen Temperaturmessung verwendet werden.<\/p>","protected":false},"featured_media":29537,"comment_status":"closed","ping_status":"closed","template":"","meta":{"_acf_changed":false},"product_cat":[107,119],"product_tag":[],"acf":[],"_links":{"self":[{"href":"https:\/\/staging.dynatime.ch\/de\/wp-json\/wp\/v2\/product\/32289"}],"collection":[{"href":"https:\/\/staging.dynatime.ch\/de\/wp-json\/wp\/v2\/product"}],"about":[{"href":"https:\/\/staging.dynatime.ch\/de\/wp-json\/wp\/v2\/types\/product"}],"replies":[{"embeddable":true,"href":"https:\/\/staging.dynatime.ch\/de\/wp-json\/wp\/v2\/comments?post=32289"}],"version-history":[{"count":0,"href":"https:\/\/staging.dynatime.ch\/de\/wp-json\/wp\/v2\/product\/32289\/revisions"}],"wp:featuredmedia":[{"embeddable":true,"href":"https:\/\/staging.dynatime.ch\/de\/wp-json\/wp\/v2\/media\/29537"}],"wp:attachment":[{"href":"https:\/\/staging.dynatime.ch\/de\/wp-json\/wp\/v2\/media?parent=32289"}],"wp:term":[{"taxonomy":"product_cat","embeddable":true,"href":"https:\/\/staging.dynatime.ch\/de\/wp-json\/wp\/v2\/product_cat?post=32289"},{"taxonomy":"product_tag","embeddable":true,"href":"https:\/\/staging.dynatime.ch\/de\/wp-json\/wp\/v2\/product_tag?post=32289"}],"curies":[{"name":"wp","href":"https:\/\/api.w.org\/{rel}","templated":true}]}}