{"id":32291,"date":"2024-02-06T16:15:00","date_gmt":"2024-02-06T15:15:00","guid":{"rendered":"https:\/\/staging.dynatime.ch\/?post_type=product&#038;p=32291"},"modified":"2024-02-07T08:40:44","modified_gmt":"2024-02-07T07:40:44","slug":"te-7006","status":"publish","type":"product","link":"https:\/\/staging.dynatime.ch\/de\/product\/te-7006\/","title":{"rendered":"TE 7006"},"content":{"rendered":"<p>Einfache Bedienung ist ihr Schl\u00fcssel - keine Keypads oder komplizierten Auswahlm\u00f6glichkeiten. Ingenieure werden in der Lage sein, sie zu greifen und sofort mit der Arbeit zu beginnen. W\u00e4hlen Sie einfach 4 - 20mA, oder 10V Schleife, und TxSim, RxTest, RxSim oder TxTest. Beide haben interne Schleifendrive-Versorgungen, die bei Bedarf zur Stromversorgung der Schleife verwendet werden k\u00f6nnen.<\/p>\n<p>Loop-Mate 1 ist der Simulator und fungiert als Quelle, um die Schleifensignale, 4 - 20mA oder 0 - 10V, bereitzustellen. Es gibt keine komplizierte Auswahl des Ausgangs, Sie m\u00fcssen nur die Auf-\/Ab-Tasten bet\u00e4tigen, um das Signal zu erh\u00f6hen oder zu verringern. Es gibt 7 Set-Points, 0%, 10%, 25%, 50%, 75%, 90%, 100%. Jede wird durch eine helle LED angezeigt und ein h\u00f6rbarer Piepton ert\u00f6nt, wenn Sie zwischen ihnen hin und her gehen. Der Auto-Stepping-Modus (einstellbare Geschwindigkeit) erm\u00f6glicht es, Loop-Mate1 verbunden zu lassen und auf- und abzusteigen. Der Techniker kann sich dann an einen anderen Ort begeben, um (mit Loop-Mate 2) zu \u00fcberpr\u00fcfen, ob das Signal korrekt ankommt und innerhalb der Spezifikationen liegt.<\/p>\n<p>Loop-Mate 2 ist ein dedizierter Schleifensignalanzeiger, der genauso einfach zu bedienen ist. W\u00e4hlen Sie erneut den Loop-Typ, 4 - 20mA oder 0 - 10V, und ob Sie die Anzeige in direkten Einheiten oder % der Spanne w\u00fcnschen. Die LCD-Anzeige zeigt das Signal mit einer Genauigkeit von 0,05% entweder in mA, V oder % der Spanne an.<\/p>\n<p>Beide Ger\u00e4te werden von einer einzigen Standard-PP3-Batterie angetrieben, die bis zu 40 Stunden Dauerbetrieb erm\u00f6glicht.<\/p>","protected":false},"excerpt":{"rendered":"<p>Die Loop-Mates sind kosteng\u00fcnstige, einseitig funktionierende Ger\u00e4te in Taschengr\u00f6\u00dfe, die zum Testen und Kalibrieren von Prozessschleifen entwickelt wurden.<\/p>","protected":false},"featured_media":29538,"comment_status":"closed","ping_status":"closed","template":"","meta":{"_acf_changed":false},"product_cat":[107,119],"product_tag":[],"acf":[],"_links":{"self":[{"href":"https:\/\/staging.dynatime.ch\/de\/wp-json\/wp\/v2\/product\/32291"}],"collection":[{"href":"https:\/\/staging.dynatime.ch\/de\/wp-json\/wp\/v2\/product"}],"about":[{"href":"https:\/\/staging.dynatime.ch\/de\/wp-json\/wp\/v2\/types\/product"}],"replies":[{"embeddable":true,"href":"https:\/\/staging.dynatime.ch\/de\/wp-json\/wp\/v2\/comments?post=32291"}],"version-history":[{"count":0,"href":"https:\/\/staging.dynatime.ch\/de\/wp-json\/wp\/v2\/product\/32291\/revisions"}],"wp:featuredmedia":[{"embeddable":true,"href":"https:\/\/staging.dynatime.ch\/de\/wp-json\/wp\/v2\/media\/29538"}],"wp:attachment":[{"href":"https:\/\/staging.dynatime.ch\/de\/wp-json\/wp\/v2\/media?parent=32291"}],"wp:term":[{"taxonomy":"product_cat","embeddable":true,"href":"https:\/\/staging.dynatime.ch\/de\/wp-json\/wp\/v2\/product_cat?post=32291"},{"taxonomy":"product_tag","embeddable":true,"href":"https:\/\/staging.dynatime.ch\/de\/wp-json\/wp\/v2\/product_tag?post=32291"}],"curies":[{"name":"wp","href":"https:\/\/api.w.org\/{rel}","templated":true}]}}