{"id":32297,"date":"2024-02-07T10:39:51","date_gmt":"2024-02-07T09:39:51","guid":{"rendered":"https:\/\/staging.dynatime.ch\/?post_type=product&#038;p=32297"},"modified":"2024-02-07T10:48:54","modified_gmt":"2024-02-07T09:48:54","slug":"das30-das50-das60-2-a-6-voies","status":"publish","type":"product","link":"https:\/\/staging.dynatime.ch\/de\/product\/das30-das50-das60-2-a-6-voies\/","title":{"rendered":"DAS30 \/ DAS50 \/ DAS60 - 2 bis 6 Kan\u00e4le"},"content":{"rendered":"<p>Sie k\u00f6nnen Ihre Messungen (Kurven, numerische Werte) visualisieren und Ihre Erfassungen direkt im internen Speicher des Ger\u00e4ts oder auf einem USB-Stick durchf\u00fchren. Die \u00dcbertragung und Auswertung der Daten erfolgt dann mithilfe der mitgelieferten Sefram-Software auf den PC.<\/p>\n<p>Die Sefram DAS30\/50\/60 Schreiber verf\u00fcgen \u00fcber wirklich universelle Eing\u00e4nge, die alle Messungen erm\u00f6glichen:<\/p>\n<ul>\n<li>Spannung von 1mV bis 1000V DC oder 425V eff.<\/li>\n<li>Temperatur (Thermoelemente) und Pt100\/Pt1000*.<\/li>\n<li>Z\u00e4hler, Frequenz<\/li>\n<li>Strom (mit optionalem Shunt)<\/li>\n<\/ul>","protected":false},"excerpt":{"rendered":"<p>Die Sefram DAS30\/50\/60 Datenlogger wurden entwickelt, um alle Messungen im industriellen Umfeld (IEC 1010, CAT. III 600V) effizient zu erf\u00fcllen.<\/p>","protected":false},"featured_media":29832,"comment_status":"closed","ping_status":"closed","template":"","meta":{"_acf_changed":false},"product_cat":[121,107],"product_tag":[],"acf":[],"_links":{"self":[{"href":"https:\/\/staging.dynatime.ch\/de\/wp-json\/wp\/v2\/product\/32297"}],"collection":[{"href":"https:\/\/staging.dynatime.ch\/de\/wp-json\/wp\/v2\/product"}],"about":[{"href":"https:\/\/staging.dynatime.ch\/de\/wp-json\/wp\/v2\/types\/product"}],"replies":[{"embeddable":true,"href":"https:\/\/staging.dynatime.ch\/de\/wp-json\/wp\/v2\/comments?post=32297"}],"version-history":[{"count":0,"href":"https:\/\/staging.dynatime.ch\/de\/wp-json\/wp\/v2\/product\/32297\/revisions"}],"wp:featuredmedia":[{"embeddable":true,"href":"https:\/\/staging.dynatime.ch\/de\/wp-json\/wp\/v2\/media\/29832"}],"wp:attachment":[{"href":"https:\/\/staging.dynatime.ch\/de\/wp-json\/wp\/v2\/media?parent=32297"}],"wp:term":[{"taxonomy":"product_cat","embeddable":true,"href":"https:\/\/staging.dynatime.ch\/de\/wp-json\/wp\/v2\/product_cat?post=32297"},{"taxonomy":"product_tag","embeddable":true,"href":"https:\/\/staging.dynatime.ch\/de\/wp-json\/wp\/v2\/product_tag?post=32297"}],"curies":[{"name":"wp","href":"https:\/\/api.w.org\/{rel}","templated":true}]}}