{"id":32299,"date":"2024-02-07T10:39:56","date_gmt":"2024-02-07T09:39:56","guid":{"rendered":"https:\/\/staging.dynatime.ch\/?post_type=product&#038;p=32299"},"modified":"2024-02-07T10:48:43","modified_gmt":"2024-02-07T09:48:43","slug":"das220-10-voies","status":"publish","type":"product","link":"https:\/\/staging.dynatime.ch\/de\/product\/das220-10-voies\/","title":{"rendered":"DAS220 - 10 Wege"},"content":{"rendered":"<p>Der DAS220 Schreiber ist vielseitig einsetzbar und erf\u00fcllt alle Prozessanwendungen:<\/p>\n<ul>\n<li>Mehrkanalige Temperatur\u00fcberwachung<\/li>\n<li>Messungen an 0-10V-Sensoren<\/li>\n<li>Messung der Spannung<\/li>\n<li>Z\u00e4hlen von Impulsen<\/li>\n<li>4-20mA-Messung (mit externem Shunt)<\/li>\n<\/ul>","protected":false},"excerpt":{"rendered":"<p>Der tragbare Datenlogger DAS220 wurde entwickelt, um allen Prozessanwendungen gerecht zu werden: Spannungsmessungen, Messungen an Sensoren (0-10v), Temperaturmessungen (Thermoelement, Pt100-Pt1000), Strommessungen (mit optionalem Adapter), Widerstandsmessungen, Z\u00e4hlungen, Frequenzmessungen. Sie k\u00f6nnen Ihre Messungen visualisieren (Kurven, numerische Werte) und Ihre Erfassungen direkt im internen Speicher des Ger\u00e4ts oder auf einem USB-Stick durchf\u00fchren. Die \u00dcbertragung und Auswertung der Daten erfolgt dann mithilfe der mitgelieferten DasLab-Software auf einen PC.<\/p>","protected":false},"featured_media":29558,"comment_status":"closed","ping_status":"closed","template":"","meta":{"_acf_changed":false},"product_cat":[121,107],"product_tag":[],"acf":[],"_links":{"self":[{"href":"https:\/\/staging.dynatime.ch\/de\/wp-json\/wp\/v2\/product\/32299"}],"collection":[{"href":"https:\/\/staging.dynatime.ch\/de\/wp-json\/wp\/v2\/product"}],"about":[{"href":"https:\/\/staging.dynatime.ch\/de\/wp-json\/wp\/v2\/types\/product"}],"replies":[{"embeddable":true,"href":"https:\/\/staging.dynatime.ch\/de\/wp-json\/wp\/v2\/comments?post=32299"}],"version-history":[{"count":0,"href":"https:\/\/staging.dynatime.ch\/de\/wp-json\/wp\/v2\/product\/32299\/revisions"}],"wp:featuredmedia":[{"embeddable":true,"href":"https:\/\/staging.dynatime.ch\/de\/wp-json\/wp\/v2\/media\/29558"}],"wp:attachment":[{"href":"https:\/\/staging.dynatime.ch\/de\/wp-json\/wp\/v2\/media?parent=32299"}],"wp:term":[{"taxonomy":"product_cat","embeddable":true,"href":"https:\/\/staging.dynatime.ch\/de\/wp-json\/wp\/v2\/product_cat?post=32299"},{"taxonomy":"product_tag","embeddable":true,"href":"https:\/\/staging.dynatime.ch\/de\/wp-json\/wp\/v2\/product_tag?post=32299"}],"curies":[{"name":"wp","href":"https:\/\/api.w.org\/{rel}","templated":true}]}}