{"id":32320,"date":"2024-02-07T13:26:48","date_gmt":"2024-02-07T12:26:48","guid":{"rendered":"https:\/\/staging.dynatime.ch\/?post_type=product&#038;p=32320"},"modified":"2024-03-15T15:32:48","modified_gmt":"2024-03-15T14:32:48","slug":"capteurs-lineaires","status":"publish","type":"product","link":"https:\/\/staging.dynatime.ch\/de\/product\/capteurs-lineaires\/","title":{"rendered":"Lineare Sensoren"},"content":{"rendered":"","protected":false},"excerpt":{"rendered":"<p>Andigs Kunststoffspur- oder Induktivpotentiometer erm\u00f6glichen Messungen \u00fcber einen Hub von 8 mm bis 1250 mm. Sie bieten eine ausgezeichnete Linearit\u00e4t sowie eine lange Lebensdauer.<\/p>","protected":false},"featured_media":29473,"comment_status":"closed","ping_status":"closed","template":"","meta":{"_acf_changed":false},"product_cat":[124,108],"product_tag":[],"acf":[],"_links":{"self":[{"href":"https:\/\/staging.dynatime.ch\/de\/wp-json\/wp\/v2\/product\/32320"}],"collection":[{"href":"https:\/\/staging.dynatime.ch\/de\/wp-json\/wp\/v2\/product"}],"about":[{"href":"https:\/\/staging.dynatime.ch\/de\/wp-json\/wp\/v2\/types\/product"}],"replies":[{"embeddable":true,"href":"https:\/\/staging.dynatime.ch\/de\/wp-json\/wp\/v2\/comments?post=32320"}],"version-history":[{"count":0,"href":"https:\/\/staging.dynatime.ch\/de\/wp-json\/wp\/v2\/product\/32320\/revisions"}],"wp:featuredmedia":[{"embeddable":true,"href":"https:\/\/staging.dynatime.ch\/de\/wp-json\/wp\/v2\/media\/29473"}],"wp:attachment":[{"href":"https:\/\/staging.dynatime.ch\/de\/wp-json\/wp\/v2\/media?parent=32320"}],"wp:term":[{"taxonomy":"product_cat","embeddable":true,"href":"https:\/\/staging.dynatime.ch\/de\/wp-json\/wp\/v2\/product_cat?post=32320"},{"taxonomy":"product_tag","embeddable":true,"href":"https:\/\/staging.dynatime.ch\/de\/wp-json\/wp\/v2\/product_tag?post=32320"}],"curies":[{"name":"wp","href":"https:\/\/api.w.org\/{rel}","templated":true}]}}