{"id":32323,"date":"2024-02-07T14:03:15","date_gmt":"2024-02-07T13:03:15","guid":{"rendered":"https:\/\/staging.dynatime.ch\/?post_type=product&#038;p=32323"},"modified":"2024-02-07T14:03:15","modified_gmt":"2024-02-07T13:03:15","slug":"plus2","status":"publish","type":"product","link":"https:\/\/staging.dynatime.ch\/de\/product\/plus2\/","title":{"rendered":"PLUS2"},"content":{"rendered":"<ul>\n<li>Hohe Druckqualit\u00e4t bei 200 dpi<\/li>\n<li>Gleiche Mechanik wie PlusII (kompatibel mit 100%)<\/li>\n<li>Papierbreite 58 mm<\/li>\n<li>Papiergewicht von 55 bis 70gr\/m2<\/li>\n<li>Rollenma\u00dfe \u00d8 50 mm<\/li>\n<li>Stromversorgung 4 -7,5 V DC (9-48 V DC mit optionaler Karte)<\/li>\n<li>Interner 4 MB Flash-Speicher f\u00fcr Logos und Schriftarten<\/li>\n<li>Schnittstellen: RS232\/TTL (w\u00e4hlbar mit Kippschalter), Mini-USB<\/li>\n<li>Barcodes: 1D und 2D (QRCODE)<\/li>\n<li>Schriftarten: Europ\u00e4isch, International, Portugiesisch und Nordisch, Chinesisch (GB18030), Katakana, Arabisch, Griechisch, T\u00fcrkisch, Hebr\u00e4isch und Kyrillisch<\/li>\n<li>Sensoren: Kopftemperatur, Papiervorrat, offene T\u00fcr (optional)<\/li>\n<li>UL, CE, FCC zugelassen<\/li>\n<li>Ideal f\u00fcr raue Umgebungen, von - 20\u00b0C bis + 70\u00b0C<\/li>\n<\/ul>","protected":false},"excerpt":{"rendered":"<p>Paneldrucker<\/p>","protected":false},"featured_media":29521,"comment_status":"closed","ping_status":"closed","template":"","meta":{"_acf_changed":false},"product_cat":[109,125],"product_tag":[],"acf":[],"_links":{"self":[{"href":"https:\/\/staging.dynatime.ch\/de\/wp-json\/wp\/v2\/product\/32323"}],"collection":[{"href":"https:\/\/staging.dynatime.ch\/de\/wp-json\/wp\/v2\/product"}],"about":[{"href":"https:\/\/staging.dynatime.ch\/de\/wp-json\/wp\/v2\/types\/product"}],"replies":[{"embeddable":true,"href":"https:\/\/staging.dynatime.ch\/de\/wp-json\/wp\/v2\/comments?post=32323"}],"version-history":[{"count":0,"href":"https:\/\/staging.dynatime.ch\/de\/wp-json\/wp\/v2\/product\/32323\/revisions"}],"wp:featuredmedia":[{"embeddable":true,"href":"https:\/\/staging.dynatime.ch\/de\/wp-json\/wp\/v2\/media\/29521"}],"wp:attachment":[{"href":"https:\/\/staging.dynatime.ch\/de\/wp-json\/wp\/v2\/media?parent=32323"}],"wp:term":[{"taxonomy":"product_cat","embeddable":true,"href":"https:\/\/staging.dynatime.ch\/de\/wp-json\/wp\/v2\/product_cat?post=32323"},{"taxonomy":"product_tag","embeddable":true,"href":"https:\/\/staging.dynatime.ch\/de\/wp-json\/wp\/v2\/product_tag?post=32323"}],"curies":[{"name":"wp","href":"https:\/\/api.w.org\/{rel}","templated":true}]}}