{"id":32325,"date":"2024-02-07T14:03:21","date_gmt":"2024-02-07T13:03:21","guid":{"rendered":"https:\/\/staging.dynatime.ch\/?post_type=product&#038;p=32325"},"modified":"2024-02-07T14:23:52","modified_gmt":"2024-02-07T13:23:52","slug":"plus4","status":"publish","type":"product","link":"https:\/\/staging.dynatime.ch\/de\/product\/plus4\/","title":{"rendered":"PLUS4"},"content":{"rendered":"<p>PLUS4 stellt den ersten von Custom hergestellten Panel-Thermodrucker dar, der Papier mit einer Breite von 4 - 112 mm bedrucken kann. Die verstellbaren internen F\u00fchrungen erm\u00f6glichen es, auch Papierformate mit einer Breite von 80 mm und 82,5 mm zu verarbeiten. PLUS4 verf\u00fcgt \u00fcber einzigartige Merkmale in seiner Klasse: Er ist mit einem internen Flash-Speicher ausgestattet, in dem Schriftarten und Logos bis zu 4 MB gespeichert werden k\u00f6nnen! Er ist bereits mit europ\u00e4ischen, internationalen, portugiesischen, nordischen, chinesischen (GB18030) und kyrillischen Schriftarten ausgestattet. Er kann alle g\u00e4ngigen Barcodes und 2D-Barcodes wie den QRCODE drucken. Der halbtransparente Deckel sch\u00fctzt den Papiersensor vor Fremdlicht und erm\u00f6glicht den Blick auf die Papierrolle, um zu verhindern, dass diese aufgebraucht wird. Die Papierkassette wird einfach \u00fcber die zentrale, gr\u00fcn gef\u00e4rbte Taste ge\u00f6ffnet. Das Modul mit serieller und paralleler Schnittstelle ist optional erh\u00e4ltlich. E' ist in grauer Farbe und auf Wunsch auch in wei\u00dfer Farbe erh\u00e4ltlich, um sich noch besser an die Ausstattung im medizinischen Bereich anzupassen.<\/p>","protected":false},"excerpt":{"rendered":"<p>Drucker Panel 4\u2033<\/p>","protected":false},"featured_media":29519,"comment_status":"closed","ping_status":"closed","template":"","meta":{"_acf_changed":false},"product_cat":[109,125],"product_tag":[],"acf":[],"_links":{"self":[{"href":"https:\/\/staging.dynatime.ch\/de\/wp-json\/wp\/v2\/product\/32325"}],"collection":[{"href":"https:\/\/staging.dynatime.ch\/de\/wp-json\/wp\/v2\/product"}],"about":[{"href":"https:\/\/staging.dynatime.ch\/de\/wp-json\/wp\/v2\/types\/product"}],"replies":[{"embeddable":true,"href":"https:\/\/staging.dynatime.ch\/de\/wp-json\/wp\/v2\/comments?post=32325"}],"version-history":[{"count":0,"href":"https:\/\/staging.dynatime.ch\/de\/wp-json\/wp\/v2\/product\/32325\/revisions"}],"wp:featuredmedia":[{"embeddable":true,"href":"https:\/\/staging.dynatime.ch\/de\/wp-json\/wp\/v2\/media\/29519"}],"wp:attachment":[{"href":"https:\/\/staging.dynatime.ch\/de\/wp-json\/wp\/v2\/media?parent=32325"}],"wp:term":[{"taxonomy":"product_cat","embeddable":true,"href":"https:\/\/staging.dynatime.ch\/de\/wp-json\/wp\/v2\/product_cat?post=32325"},{"taxonomy":"product_tag","embeddable":true,"href":"https:\/\/staging.dynatime.ch\/de\/wp-json\/wp\/v2\/product_tag?post=32325"}],"curies":[{"name":"wp","href":"https:\/\/api.w.org\/{rel}","templated":true}]}}