{"id":32333,"date":"2024-02-07T14:52:31","date_gmt":"2024-02-07T13:52:31","guid":{"rendered":"https:\/\/staging.dynatime.ch\/?post_type=product&#038;p=32333"},"modified":"2024-02-07T14:55:41","modified_gmt":"2024-02-07T13:55:41","slug":"kube-ii","status":"publish","type":"product","link":"https:\/\/staging.dynatime.ch\/de\/product\/kube-ii\/","title":{"rendered":"KUBE II"},"content":{"rendered":"<p>KUBE II POS-Thermodrucker ist ideal f\u00fcr den Einzelhandel und den Gastgewerbemarkt. Mit seinem kompakten und attraktiven Design, seiner Robustheit und der M\u00f6glichkeit, ihn sowohl vertikal als auch horizontal zu montieren, ist er die perfekte L\u00f6sung f\u00fcr die Verkaufsstelle. KUBE II ist leistungsstark und sehr schnell: Er bedruckt 80\/82,5 mm breite Kassenbons mit einer au\u00dfergew\u00f6hnlichen Druckqualit\u00e4t und der M\u00f6glichkeit, Schrift und Grafiken in alle Richtungen auszurichten. Die gro\u00dfformatige Papierrolle mit einem Durchmesser von 90 mm erm\u00f6glicht eine lange Druckdauer. KUBE II zeichnet sich durch einzigartige Leistung, Robustheit und Zuverl\u00e4ssigkeit aus: Er ist mit einem langlebigen (200 km bedrucktes Papier), qualitativ hochwertigen Druckkopf und dem neuen Cutter f\u00fcr den automatischen Kassenbonschnitt ausgestattet, der h\u00f6chste Funktionalit\u00e4t bei \u00fcber 2 Mio. Schnitten garantiert. KUBE II druckt Logos und grafische Coupons in hoher Aufl\u00f6sung. Die Seitenw\u00e4nde in verschiedenen Farben (rot, silber und beige) sind als Zubeh\u00f6r erh\u00e4ltlich. KUBE II ist mit USB- und serieller RS232- oder Ethernet-Schnittstelle erh\u00e4ltlich, inklusive Treiber zur Steuerung der Kassenschublade.<\/p>","protected":false},"excerpt":{"rendered":"<p>Ideal f\u00fcr den Einzelhandel und den Hospitality-Markt<\/p>","protected":false},"featured_media":29525,"comment_status":"closed","ping_status":"closed","template":"","meta":{"_acf_changed":false},"product_cat":[109,126],"product_tag":[],"acf":[],"_links":{"self":[{"href":"https:\/\/staging.dynatime.ch\/de\/wp-json\/wp\/v2\/product\/32333"}],"collection":[{"href":"https:\/\/staging.dynatime.ch\/de\/wp-json\/wp\/v2\/product"}],"about":[{"href":"https:\/\/staging.dynatime.ch\/de\/wp-json\/wp\/v2\/types\/product"}],"replies":[{"embeddable":true,"href":"https:\/\/staging.dynatime.ch\/de\/wp-json\/wp\/v2\/comments?post=32333"}],"version-history":[{"count":0,"href":"https:\/\/staging.dynatime.ch\/de\/wp-json\/wp\/v2\/product\/32333\/revisions"}],"wp:featuredmedia":[{"embeddable":true,"href":"https:\/\/staging.dynatime.ch\/de\/wp-json\/wp\/v2\/media\/29525"}],"wp:attachment":[{"href":"https:\/\/staging.dynatime.ch\/de\/wp-json\/wp\/v2\/media?parent=32333"}],"wp:term":[{"taxonomy":"product_cat","embeddable":true,"href":"https:\/\/staging.dynatime.ch\/de\/wp-json\/wp\/v2\/product_cat?post=32333"},{"taxonomy":"product_tag","embeddable":true,"href":"https:\/\/staging.dynatime.ch\/de\/wp-json\/wp\/v2\/product_tag?post=32333"}],"curies":[{"name":"wp","href":"https:\/\/api.w.org\/{rel}","templated":true}]}}