{"id":32344,"date":"2024-02-07T15:36:20","date_gmt":"2024-02-07T14:36:20","guid":{"rendered":"https:\/\/staging.dynatime.ch\/?post_type=product&#038;p=32344"},"modified":"2024-02-07T15:46:54","modified_gmt":"2024-02-07T14:46:54","slug":"tg2460h","status":"publish","type":"product","link":"https:\/\/staging.dynatime.ch\/de\/product\/tg2460h\/","title":{"rendered":"TG2460H"},"content":{"rendered":"<ul>\n<li>Gestell aus Metall (Zink-Aluminium-Legierung)<\/li>\n<li>Hohe Druckqualit\u00e4t bei 200 dpi<\/li>\n<li>Papierbreite 60 mm<\/li>\n<li>Papierdicke: 60 bis 80 \u03bcm<\/li>\n<li>Geschwindigkeit &gt; 140 mm\/sec<\/li>\n<li>RS232- und USB-Schnittstelle<\/li>\n<li>Barcodes: UPC-A, UPC-E, EAN13, EAN8, CODE39, ITF, CODABAR, CODE93, CODE128, CODE32, QRCODE<\/li>\n<li>Schriftarten: Europ\u00e4isch, International, Thail\u00e4ndisch, Portugiesisch, Nordisch, Chinesisch und Russisch Hochleistungsschneidemaschine: \u00fcber 1.000.000 Schnitte<\/li>\n<li>Sensoren: Kopftemperatur, Papiervorrat, Papierstau, Banknotenentnahme, Papierende, Papier fast fertig (optional)<\/li>\n<\/ul>","protected":false},"excerpt":{"rendered":"<p>Quittungs-\/ Geldscheindrucker 60mm<\/p>","protected":false},"featured_media":30032,"comment_status":"closed","ping_status":"closed","template":"","meta":{"_acf_changed":false},"product_cat":[109,127],"product_tag":[],"acf":[],"_links":{"self":[{"href":"https:\/\/staging.dynatime.ch\/de\/wp-json\/wp\/v2\/product\/32344"}],"collection":[{"href":"https:\/\/staging.dynatime.ch\/de\/wp-json\/wp\/v2\/product"}],"about":[{"href":"https:\/\/staging.dynatime.ch\/de\/wp-json\/wp\/v2\/types\/product"}],"replies":[{"embeddable":true,"href":"https:\/\/staging.dynatime.ch\/de\/wp-json\/wp\/v2\/comments?post=32344"}],"version-history":[{"count":0,"href":"https:\/\/staging.dynatime.ch\/de\/wp-json\/wp\/v2\/product\/32344\/revisions"}],"wp:featuredmedia":[{"embeddable":true,"href":"https:\/\/staging.dynatime.ch\/de\/wp-json\/wp\/v2\/media\/30032"}],"wp:attachment":[{"href":"https:\/\/staging.dynatime.ch\/de\/wp-json\/wp\/v2\/media?parent=32344"}],"wp:term":[{"taxonomy":"product_cat","embeddable":true,"href":"https:\/\/staging.dynatime.ch\/de\/wp-json\/wp\/v2\/product_cat?post=32344"},{"taxonomy":"product_tag","embeddable":true,"href":"https:\/\/staging.dynatime.ch\/de\/wp-json\/wp\/v2\/product_tag?post=32344"}],"curies":[{"name":"wp","href":"https:\/\/api.w.org\/{rel}","templated":true}]}}