{"id":32347,"date":"2024-02-07T15:56:21","date_gmt":"2024-02-07T14:56:21","guid":{"rendered":"https:\/\/staging.dynatime.ch\/?post_type=product&#038;p=32347"},"modified":"2024-02-07T15:56:21","modified_gmt":"2024-02-07T14:56:21","slug":"my-printer","status":"publish","type":"product","link":"https:\/\/staging.dynatime.ch\/de\/product\/my-printer\/","title":{"rendered":"MY PRINTER"},"content":{"rendered":"<p>My Printer A ist ein tragbarer Hightech-Minidrucker. \u00c8 Ultraleicht und kompakt mit einer gro\u00dfen Papierrolle (30 mm Durchmesser). Lange Druckdauer dank 5 Batterien: ca. 10 m bedrucktes Papier! USB-Schnittstelle oder optional RS232-Schnittstelle mit Spezialkabel. Der Drucker verf\u00fcgt \u00fcber einen fertigen Papiersensor, unterst\u00fctzt ein erweiterbares Kundenlogo und kann die g\u00e4ngigsten Barcodes drucken. Selbstinstallierende Treiber: Windows XP, Vista 7 (+64bit unterst\u00fctzt), Linux C.U.P.S. (32\/64bit), Android, iOS. Dank der Bluetooth\u00a9-Technologie druckt My Printer A von Apple-, Android- und Windows Phone 8-Telefonen aus. Praktischer G\u00fcrtelhaken, Akkuladeger\u00e4t und USB-Kabel in der Verpackung enthalten.<\/p>","protected":false},"excerpt":{"rendered":"<p>Tragbarer Hightech-Minidrucker<\/p>","protected":false},"featured_media":30192,"comment_status":"closed","ping_status":"closed","template":"","meta":{"_acf_changed":false},"product_cat":[109,128],"product_tag":[],"acf":[],"_links":{"self":[{"href":"https:\/\/staging.dynatime.ch\/de\/wp-json\/wp\/v2\/product\/32347"}],"collection":[{"href":"https:\/\/staging.dynatime.ch\/de\/wp-json\/wp\/v2\/product"}],"about":[{"href":"https:\/\/staging.dynatime.ch\/de\/wp-json\/wp\/v2\/types\/product"}],"replies":[{"embeddable":true,"href":"https:\/\/staging.dynatime.ch\/de\/wp-json\/wp\/v2\/comments?post=32347"}],"version-history":[{"count":0,"href":"https:\/\/staging.dynatime.ch\/de\/wp-json\/wp\/v2\/product\/32347\/revisions"}],"wp:featuredmedia":[{"embeddable":true,"href":"https:\/\/staging.dynatime.ch\/de\/wp-json\/wp\/v2\/media\/30192"}],"wp:attachment":[{"href":"https:\/\/staging.dynatime.ch\/de\/wp-json\/wp\/v2\/media?parent=32347"}],"wp:term":[{"taxonomy":"product_cat","embeddable":true,"href":"https:\/\/staging.dynatime.ch\/de\/wp-json\/wp\/v2\/product_cat?post=32347"},{"taxonomy":"product_tag","embeddable":true,"href":"https:\/\/staging.dynatime.ch\/de\/wp-json\/wp\/v2\/product_tag?post=32347"}],"curies":[{"name":"wp","href":"https:\/\/api.w.org\/{rel}","templated":true}]}}