{"id":32349,"date":"2024-02-07T15:56:48","date_gmt":"2024-02-07T14:56:48","guid":{"rendered":"https:\/\/staging.dynatime.ch\/?post_type=product&#038;p=32349"},"modified":"2024-02-07T15:59:14","modified_gmt":"2024-02-07T14:59:14","slug":"my%c2%b3-a","status":"publish","type":"product","link":"https:\/\/staging.dynatime.ch\/de\/product\/my%c2%b3-a\/","title":{"rendered":"MY\u00b3 A"},"content":{"rendered":"<p>MY\u00b3 A ist ein tragbarer Drucker, der von Custom f\u00fcr den professionellen Einsatz entwickelt wurde. Der MY\u00b3 A bedruckt Papier mit einer Breite von 76,2 mm und einer St\u00e4rke von bis zu 100 g\/2 bei einer Druckgeschwindigkeit von bis zu 80 mm\/s. Der Drucker ist mit Sensoren f\u00fcr Papierende und Kopftemperatur ausgestattet, unterst\u00fctzt 4 erweiterbare Logos (576\u00d7460 Punkte) und kann die g\u00e4ngigsten 1D-Barcodes sowie die 2D-Barcodes PDF417 und Datamatrix drucken. Selbstinstallierende Treiber: Windows XP, Vista, 7, 8, 10(+64bit Unterst\u00fctzung), Linux(32\/64 bit), Android, iOS und Windows Phone. Unterst\u00fctzte Profile sind SPP (Serial Port Profile), \u00fcber die eine serielle RS232-Verbindung emuliert werden kann.<\/p>","protected":false},"excerpt":{"rendered":"<p>Tragbarer Drucker f\u00fcr den professionellen Gebrauch<\/p>","protected":false},"featured_media":30036,"comment_status":"closed","ping_status":"closed","template":"","meta":{"_acf_changed":false},"product_cat":[109,128],"product_tag":[],"acf":[],"_links":{"self":[{"href":"https:\/\/staging.dynatime.ch\/de\/wp-json\/wp\/v2\/product\/32349"}],"collection":[{"href":"https:\/\/staging.dynatime.ch\/de\/wp-json\/wp\/v2\/product"}],"about":[{"href":"https:\/\/staging.dynatime.ch\/de\/wp-json\/wp\/v2\/types\/product"}],"replies":[{"embeddable":true,"href":"https:\/\/staging.dynatime.ch\/de\/wp-json\/wp\/v2\/comments?post=32349"}],"version-history":[{"count":0,"href":"https:\/\/staging.dynatime.ch\/de\/wp-json\/wp\/v2\/product\/32349\/revisions"}],"wp:featuredmedia":[{"embeddable":true,"href":"https:\/\/staging.dynatime.ch\/de\/wp-json\/wp\/v2\/media\/30036"}],"wp:attachment":[{"href":"https:\/\/staging.dynatime.ch\/de\/wp-json\/wp\/v2\/media?parent=32349"}],"wp:term":[{"taxonomy":"product_cat","embeddable":true,"href":"https:\/\/staging.dynatime.ch\/de\/wp-json\/wp\/v2\/product_cat?post=32349"},{"taxonomy":"product_tag","embeddable":true,"href":"https:\/\/staging.dynatime.ch\/de\/wp-json\/wp\/v2\/product_tag?post=32349"}],"curies":[{"name":"wp","href":"https:\/\/api.w.org\/{rel}","templated":true}]}}